{"id":387,"date":"2016-10-03T19:54:09","date_gmt":"2016-10-03T18:54:09","guid":{"rendered":"http:\/\/newbritanniaschool.com\/es\/?page_id=387"},"modified":"2021-11-26T22:53:38","modified_gmt":"2021-11-26T21:53:38","slug":"grupos-clases-conversacion-ingles","status":"publish","type":"page","link":"https:\/\/newbritanniaschool.com\/es\/grupos-clases-conversacion-ingles\/","title":{"rendered":"Grupos de conversaci\u00f3n"},"content":{"rendered":"<section  class='av_textblock_section av-37he6z-5bba8eb1e6f01c0f1ded76dd7db61013'  itemscope=\"itemscope\" itemtype=\"https:\/\/schema.org\/CreativeWork\" ><div class='avia_textblock'  itemprop=\"text\" ><h2 style=\"text-align: center;\">CLASES DE CONVERSACI\u00d3N EN INGL\u00c9S &#8211; GRUPOS DE CONVERSACI\u00d3N<\/h2>\n<p>Grupos y clases de conversaci\u00f3n en ingl\u00e9s para aprender en un ambiente distendido donde se tratan diferentes tem\u00e1ticas de actualidad, con la moderaci\u00f3n de un profesor nativo y calificado que introduce conceptos de gram\u00e1tica y da soporte en la ampliaci\u00f3n de vocabulario. Sesiones de 1.5h por semana.<\/p>\n<h3 style=\"text-align: center;\"><\/h3>\n<\/div><\/section>\n\n<style type=\"text\/css\" data-created_by=\"avia_inline_auto\" id=\"style-css-av-307l1f-5d0781230896b12a1d075199a95b46ee\">\n#top .av-special-heading.av-307l1f-5d0781230896b12a1d075199a95b46ee{\npadding-bottom:10px;\ncolor:#2d5c88;\n}\nbody .av-special-heading.av-307l1f-5d0781230896b12a1d075199a95b46ee .av-special-heading-tag .heading-char{\nfont-size:25px;\n}\n.av-special-heading.av-307l1f-5d0781230896b12a1d075199a95b46ee .special-heading-inner-border{\nborder-color:#2d5c88;\n}\n.av-special-heading.av-307l1f-5d0781230896b12a1d075199a95b46ee .av-subheading{\nfont-size:15px;\n}\n<\/style>\n<div  class='av-special-heading av-307l1f-5d0781230896b12a1d075199a95b46ee av-special-heading-h3 custom-color-heading  avia-builder-el-1  el_after_av_textblock  el_before_av_iconlist '><h3 class='av-special-heading-tag'  itemprop=\"headline\"  >ENGLISH MADE EASY!<\/h3><div class=\"special-heading-border\"><div class=\"special-heading-inner-border\"><\/div><\/div><\/div>\n<div  class='avia-icon-list-container av-2x2z0z-b4d76907362ef1827ca5c3360bfd4654  avia-builder-el-2  el_after_av_heading  el_before_av_textblock '><ul class='avia-icon-list avia_animate_when_almost_visible avia-icon-list-left av-iconlist-big av-2x2z0z-b4d76907362ef1827ca5c3360bfd4654 avia-iconlist-animate'>\n<li><div class='iconlist_icon av-2o754z-2510fa89eccce97936577dff49754d06 avia-font-entypo-fontello'><span class='iconlist-char' aria-hidden='true' data-av_icon='\ue80e' data-av_iconfont='entypo-fontello'><\/span><\/div><article class=\"article-icon-entry \"  itemscope=\"itemscope\" itemtype=\"https:\/\/schema.org\/CreativeWork\" ><div class=\"iconlist_content_wrap\"><header class=\"entry-content-header\"><h4 class='av_iconlist_title iconlist_title  '  itemprop=\"headline\" >English in context<\/h4><\/header><div class='iconlist_content '  itemprop=\"text\" ><p>El profesor actua como moderador del grupo.<\/p>\n<\/div><\/div><footer class=\"entry-footer\"><\/footer><\/article><div class=\"iconlist-timeline\"><\/div><\/li>\n<li><div class='iconlist_icon av-2k83g3-0737fcee60a35b12704fec8570ff9e90 avia-font-entypo-fontello'><span class='iconlist-char' aria-hidden='true' data-av_icon='\ue83f' data-av_iconfont='entypo-fontello'><\/span><\/div><article class=\"article-icon-entry \"  itemscope=\"itemscope\" itemtype=\"https:\/\/schema.org\/CreativeWork\" ><div class=\"iconlist_content_wrap\"><header class=\"entry-content-header\"><h4 class='av_iconlist_title iconlist_title  '  itemprop=\"headline\" >Metodolog\u00eda<\/h4><\/header><div class='iconlist_content '  itemprop=\"text\" ><p>Desarrola las habilidades orales en ingl\u00e9s hablando de tem\u00e1ticas actuales. \u00a1An\u00edmate a proponer los temas!<\/p>\n<\/div><\/div><footer class=\"entry-footer\"><\/footer><\/article><div class=\"iconlist-timeline\"><\/div><\/li>\n<li><div class='iconlist_icon av-2fix63-120ead0fcd3234c6ba4d8140d712580d avia-font-entypo-fontello'><span class='iconlist-char' aria-hidden='true' data-av_icon='\ue82b' data-av_iconfont='entypo-fontello'><\/span><\/div><article class=\"article-icon-entry \"  itemscope=\"itemscope\" itemtype=\"https:\/\/schema.org\/CreativeWork\" ><div class=\"iconlist_content_wrap\"><header class=\"entry-content-header\"><h4 class='av_iconlist_title iconlist_title  '  itemprop=\"headline\" >Seguridad<\/h4><\/header><div class='iconlist_content '  itemprop=\"text\" ><p>Adquisici\u00f3n de seguridad para expresarse en temas diferentes, dominando el vocabulario y las expresiones m\u00e1s comunes.<\/p>\n<\/div><\/div><footer class=\"entry-footer\"><\/footer><\/article><div class=\"iconlist-timeline\"><\/div><\/li>\n<\/ul><\/div>\n\n<style type=\"text\/css\" data-created_by=\"avia_inline_auto\" id=\"style-css-av-28v92z-028b32480d2f7fd7283ac497f719126d\">\n#top .av_textblock_section.av-28v92z-028b32480d2f7fd7283ac497f719126d .avia_textblock{\nfont-size:20px;\ncolor:#ffffff;\n}\n<\/style>\n<section  class='av_textblock_section av-28v92z-028b32480d2f7fd7283ac497f719126d'  itemscope=\"itemscope\" itemtype=\"https:\/\/schema.org\/CreativeWork\" ><div class='avia_textblock av_inherit_color'  itemprop=\"text\" ><h2 style=\"text-align: center;\"><span style=\"color: #2d5c88;\">BRING YOUR OWN COFFEE &amp; ENJOY ENGLISH!<\/span><\/h2>\n<\/div><\/section>\n<\/div><\/div><\/div><!-- close content main div --><\/div><\/div>\n<style type=\"text\/css\" data-created_by=\"avia_inline_auto\" id=\"style-css-av-22yaez-0ba4169624c74275f31af7742c7ba0fc\">\n.avia-section.av-22yaez-0ba4169624c74275f31af7742c7ba0fc .av-parallax .av-parallax-inner{\nbackground-repeat:no-repeat;\nbackground-image:url(https:\/\/newbritanniaschool.com\/wp-content\/uploads\/2016\/10\/new-britannia-grup-conversa-1-1030x687.jpg);\nbackground-position:50% 100%;\nbackground-attachment:scroll;\n}\n<\/style>\n<div id='av_section_1'  class='avia-section av-22yaez-0ba4169624c74275f31af7742c7ba0fc main_color avia-section-default avia-no-border-styling  avia-builder-el-4  el_after_av_textblock  avia-builder-el-last  av-parallax-section avia-bg-style-parallax av-minimum-height av-minimum-height-75  container_wrap sidebar_right'  data-section-bg-repeat='no-repeat' data-av_minimum_height_pc='75'><div class='av-parallax' data-avia-parallax-ratio='0.3' ><div class='av-parallax-inner main_color avia-full-stretch'><\/div><\/div><div class='container av-section-cont-open' ><div class='template-page content  av-content-small alpha units'><div class='post-entry post-entry-type-page post-entry-387'><div class='entry-content-wrapper clearfix'>\n<div  class='avia-button-wrap av-1u5e8j-58a57480e7f2cc4d881422b91e4003ad-wrap avia-button-center  avia-builder-el-5  el_before_av_hr  avia-builder-el-first '><a href='https:\/\/newbritanniaschool.com\/es\/contacto-escuela-de-ingles-horta-barcelona\/'  class='avia-button av-1u5e8j-58a57480e7f2cc4d881422b91e4003ad avia-icon_select-yes-left-icon avia-size-x-large avia-position-center avia-color-theme-color'  target=\"_blank\"  rel=\"noopener noreferrer\" ><span class='avia_button_icon avia_button_icon_left' aria-hidden='true' data-av_icon='\ue81f' data-av_iconfont='entypo-fontello'><\/span><span class='avia_iconbox_title' >P\u00cdDENOS INFORMACI\u00d3N DE GRUPOS Y HORARIOS<\/span><\/a><\/div>\n\n<style type=\"text\/css\" data-created_by=\"avia_inline_auto\" id=\"style-css-av-1out4j-43a39aa228d776f5b9460edcc27d7b69\">\n#top .hr.hr-invisible.av-1out4j-43a39aa228d776f5b9460edcc27d7b69{\nheight:50px;\n}\n<\/style>\n<div  class='hr av-1out4j-43a39aa228d776f5b9460edcc27d7b69 hr-invisible  avia-builder-el-6  el_after_av_button  el_before_av_one_fourth '><span class='hr-inner '><span class=\"hr-inner-style\"><\/span><\/span><\/div>\n\n<style type=\"text\/css\" data-created_by=\"avia_inline_auto\" id=\"style-css-av-1ikiir-b295ff0b2f1b1676f2a84d3e7bd0ea9e\">\n.flex_column.av-1ikiir-b295ff0b2f1b1676f2a84d3e7bd0ea9e{\n-webkit-border-radius:0px 0px 0px 0px;\n-moz-border-radius:0px 0px 0px 0px;\nborder-radius:0px 0px 0px 0px;\npadding:0px 0px 0px 0px;\n}\n<\/style>\n<div class='flex_column av-1ikiir-b295ff0b2f1b1676f2a84d3e7bd0ea9e av_one_fourth  avia-builder-el-7  el_after_av_hr  el_before_av_one_half  first flex_column_div av-zero-column-padding '     ><\/div>\n<style type=\"text\/css\" data-created_by=\"avia_inline_auto\" id=\"style-css-av-1fiqcz-d34a148d52fa02f3e6901284b8839633\">\n.flex_column.av-1fiqcz-d34a148d52fa02f3e6901284b8839633{\n-webkit-border-radius:0px 0px 0px 0px;\n-moz-border-radius:0px 0px 0px 0px;\nborder-radius:0px 0px 0px 0px;\npadding:0px 0px 0px 0px;\nbackground-color:#f2f2f2;\n}\n<\/style>\n<div class='flex_column av-1fiqcz-d34a148d52fa02f3e6901284b8839633 av_one_half  avia-builder-el-8  el_after_av_one_fourth  el_before_av_one_fourth  flex_column_div av-zero-column-padding '     ><p>\n<style type=\"text\/css\" data-created_by=\"avia_inline_auto\" id=\"style-css-av-1avxqb-1d616cb44efe678c602b0d100fcb2f34\">\n#top .hr.hr-invisible.av-1avxqb-1d616cb44efe678c602b0d100fcb2f34{\nheight:50px;\n}\n<\/style>\n<div  class='hr av-1avxqb-1d616cb44efe678c602b0d100fcb2f34 hr-invisible  avia-builder-el-9  el_before_av_textblock  avia-builder-el-first '><span class='hr-inner '><span class=\"hr-inner-style\"><\/span><\/span><\/div><br \/>\n<section  class='av_textblock_section av-13535f-f9b46e932ef62f677c298e7fc465e024'  itemscope=\"itemscope\" itemtype=\"https:\/\/schema.org\/CreativeWork\" ><div class='avia_textblock'  itemprop=\"text\" ><h2 style=\"text-align: center;\">Ll\u00e1manos\u00a0al\u00a0934202957<\/h2>\n<\/div><\/section><br \/>\n<form action=\"https:\/\/newbritanniaschool.com\/es\/grupos-clases-conversacion-ingles\/\" method=\"post\"  class=\"avia_ajax_form av-form-labels-visible   avia-builder-el-11  el_after_av_textblock  avia-builder-el-last  av-centered-form   \" data-avia-form-id=\"1\" data-avia-redirect='' ><h3 class=''>D\u00e9janos tus datos y te contactaremos<\/h3><fieldset><p class='  first_form  form_element form_fullwidth' id='element_avia_1_1'><label for=\"avia_1_1\">Nombre <abbr class=\"required\" title=\"requerido\">*<\/abbr><\/label> <input name=\"avia_1_1\" class=\"text_input is_empty\" type=\"text\" id=\"avia_1_1\" value=\"\" \/><\/p><p class='  first_form  form_element form_fullwidth' id='element_avia_2_1'><label for=\"avia_2_1\">E-Mail <abbr class=\"required\" title=\"requerido\">*<\/abbr><\/label> <input name=\"avia_2_1\" class=\"text_input is_email\" type=\"text\" id=\"avia_2_1\" value=\"\" \/><\/p><p class='  first_form  form_element form_fullwidth av-last-visible-form-element' id='element_avia_3_1'><label for=\"avia_3_1\" class=\"textare_label hidden textare_label_avia_3_1\">Mensaje <abbr class=\"required\" title=\"requerido\">*<\/abbr><\/label><textarea  name=\"avia_3_1\" class=\"text_area is_empty\" cols=\"40\" rows=\"7\" id=\"avia_3_1\" ><\/textarea><\/p><p class=\"hidden\"><input type=\"text\" name=\"avia_4_1\" class=\"hidden \" id=\"avia_4_1\" value=\"\" \/><\/p><p class=\"form_element \"><input type=\"hidden\" value=\"1\" name=\"avia_generated_form1\" \/><input type=\"submit\" value=\"Enviar\" class=\"button\"  data-sending-label=\"Enviando\"\/><\/p><\/fieldset><\/form><div id=\"ajaxresponse_1\" class=\"ajaxresponse ajaxresponse_1 hidden\"><\/div><\/p><\/div>\n<style type=\"text\/css\" data-created_by=\"avia_inline_auto\" id=\"style-css-av-9ht2z-645231592bb9e584278430757a906e26\">\n.flex_column.av-9ht2z-645231592bb9e584278430757a906e26{\n-webkit-border-radius:0px 0px 0px 0px;\n-moz-border-radius:0px 0px 0px 0px;\nborder-radius:0px 0px 0px 0px;\npadding:0px 0px 0px 0px;\n}\n<\/style>\n<div class='flex_column av-9ht2z-645231592bb9e584278430757a906e26 av_one_fourth  avia-builder-el-12  el_after_av_one_half  avia-builder-el-last  flex_column_div av-zero-column-padding '     ><\/div>\n<\/div><\/div><\/div><!-- close content main div --><\/div><\/div><div id='after_section_1'  class='main_color av_default_container_wrap container_wrap sidebar_right'  ><div class='container av-section-cont-open' ><div class='template-page content  av-content-small alpha units'><div class='post-entry post-entry-type-page post-entry-387'><div class='entry-content-wrapper clearfix'>\n","protected":false},"excerpt":{"rendered":"","protected":false},"author":1,"featured_media":0,"parent":0,"menu_order":0,"comment_status":"closed","ping_status":"closed","template":"","meta":[],"yoast_head":"<!-- This site is optimized with the Yoast SEO plugin v20.5 - https:\/\/yoast.com\/wordpress\/plugins\/seo\/ -->\n<title>Clases conversaci\u00f3n ingl\u00e9s en Barcelona Horta - New Britannia<\/title>\n<meta name=\"description\" content=\"Clases conversaci\u00f3n ingl\u00e9s en un ambiente distendido en el que se tratan diferentes tem\u00e1ticas, con la moderaci\u00f3n de un profesor nativo y cualificado.\" \/>\n<meta name=\"robots\" content=\"index, follow, max-snippet:-1, max-image-preview:large, max-video-preview:-1\" \/>\n<link rel=\"canonical\" href=\"https:\/\/newbritanniaschool.com\/es\/grupos-clases-conversacion-ingles\/\" \/>\n<meta property=\"og:locale\" content=\"es_ES\" \/>\n<meta property=\"og:type\" content=\"article\" \/>\n<meta property=\"og:title\" content=\"Clases conversaci\u00f3n ingl\u00e9s en Barcelona Horta - New Britannia\" \/>\n<meta property=\"og:description\" content=\"Clases conversaci\u00f3n ingl\u00e9s en un ambiente distendido en el que se tratan diferentes tem\u00e1ticas, con la moderaci\u00f3n de un profesor nativo y cualificado.\" \/>\n<meta property=\"og:url\" content=\"https:\/\/newbritanniaschool.com\/es\/grupos-clases-conversacion-ingles\/\" \/>\n<meta property=\"og:site_name\" content=\"New Britannia\" \/>\n<meta property=\"article:publisher\" content=\"https:\/\/www.facebook.com\/newbritanniaschool\/\" \/>\n<meta property=\"article:modified_time\" content=\"2021-11-26T21:53:38+00:00\" \/>\n<meta name=\"twitter:card\" content=\"summary_large_image\" \/>\n<meta name=\"twitter:label1\" content=\"Tiempo de lectura\" \/>\n\t<meta name=\"twitter:data1\" content=\"5 minutos\" \/>\n<script type=\"application\/ld+json\" class=\"yoast-schema-graph\">{\"@context\":\"https:\/\/schema.org\",\"@graph\":[{\"@type\":\"WebPage\",\"@id\":\"https:\/\/newbritanniaschool.com\/es\/grupos-clases-conversacion-ingles\/\",\"url\":\"https:\/\/newbritanniaschool.com\/es\/grupos-clases-conversacion-ingles\/\",\"name\":\"Clases conversaci\u00f3n ingl\u00e9s en Barcelona Horta - New Britannia\",\"isPartOf\":{\"@id\":\"https:\/\/newbritanniaschool.com\/#website\"},\"datePublished\":\"2016-10-03T18:54:09+00:00\",\"dateModified\":\"2021-11-26T21:53:38+00:00\",\"description\":\"Clases conversaci\u00f3n ingl\u00e9s en un ambiente distendido en el que se tratan diferentes tem\u00e1ticas, con la moderaci\u00f3n de un profesor nativo y cualificado.\",\"breadcrumb\":{\"@id\":\"https:\/\/newbritanniaschool.com\/es\/grupos-clases-conversacion-ingles\/#breadcrumb\"},\"inLanguage\":\"es\",\"potentialAction\":[{\"@type\":\"ReadAction\",\"target\":[\"https:\/\/newbritanniaschool.com\/es\/grupos-clases-conversacion-ingles\/\"]}]},{\"@type\":\"BreadcrumbList\",\"@id\":\"https:\/\/newbritanniaschool.com\/es\/grupos-clases-conversacion-ingles\/#breadcrumb\",\"itemListElement\":[{\"@type\":\"ListItem\",\"position\":1,\"name\":\"Inici\",\"item\":\"https:\/\/newbritanniaschool.com\/es\/new-britannia-school-of-english\/\"},{\"@type\":\"ListItem\",\"position\":2,\"name\":\"Grupos de conversaci\u00f3n\"}]},{\"@type\":\"WebSite\",\"@id\":\"https:\/\/newbritanniaschool.com\/#website\",\"url\":\"https:\/\/newbritanniaschool.com\/\",\"name\":\"New Britannia\",\"description\":\"School of English\",\"publisher\":{\"@id\":\"https:\/\/newbritanniaschool.com\/#organization\"},\"potentialAction\":[{\"@type\":\"SearchAction\",\"target\":{\"@type\":\"EntryPoint\",\"urlTemplate\":\"https:\/\/newbritanniaschool.com\/?s={search_term_string}\"},\"query-input\":\"required name=search_term_string\"}],\"inLanguage\":\"es\"},{\"@type\":\"Organization\",\"@id\":\"https:\/\/newbritanniaschool.com\/#organization\",\"name\":\"New Britannia School of English\",\"url\":\"https:\/\/newbritanniaschool.com\/\",\"logo\":{\"@type\":\"ImageObject\",\"inLanguage\":\"es\",\"@id\":\"https:\/\/newbritanniaschool.com\/#\/schema\/logo\/image\/\",\"url\":\"https:\/\/newbritanniaschool.com\/wp-content\/uploads\/2021\/11\/logo-02-e1637660865296.png\",\"contentUrl\":\"https:\/\/newbritanniaschool.com\/wp-content\/uploads\/2021\/11\/logo-02-e1637660865296.png\",\"width\":1754,\"height\":469,\"caption\":\"New Britannia School of English\"},\"image\":{\"@id\":\"https:\/\/newbritanniaschool.com\/#\/schema\/logo\/image\/\"},\"sameAs\":[\"https:\/\/www.facebook.com\/newbritanniaschool\/\"]}]}<\/script>\n<!-- \/ Yoast SEO plugin. -->","yoast_head_json":{"title":"Clases conversaci\u00f3n ingl\u00e9s en Barcelona Horta - New Britannia","description":"Clases conversaci\u00f3n ingl\u00e9s en un ambiente distendido en el que se tratan diferentes tem\u00e1ticas, con la moderaci\u00f3n de un profesor nativo y cualificado.","robots":{"index":"index","follow":"follow","max-snippet":"max-snippet:-1","max-image-preview":"max-image-preview:large","max-video-preview":"max-video-preview:-1"},"canonical":"https:\/\/newbritanniaschool.com\/es\/grupos-clases-conversacion-ingles\/","og_locale":"es_ES","og_type":"article","og_title":"Clases conversaci\u00f3n ingl\u00e9s en Barcelona Horta - New Britannia","og_description":"Clases conversaci\u00f3n ingl\u00e9s en un ambiente distendido en el que se tratan diferentes tem\u00e1ticas, con la moderaci\u00f3n de un profesor nativo y cualificado.","og_url":"https:\/\/newbritanniaschool.com\/es\/grupos-clases-conversacion-ingles\/","og_site_name":"New Britannia","article_publisher":"https:\/\/www.facebook.com\/newbritanniaschool\/","article_modified_time":"2021-11-26T21:53:38+00:00","twitter_card":"summary_large_image","twitter_misc":{"Tiempo de lectura":"5 minutos"},"schema":{"@context":"https:\/\/schema.org","@graph":[{"@type":"WebPage","@id":"https:\/\/newbritanniaschool.com\/es\/grupos-clases-conversacion-ingles\/","url":"https:\/\/newbritanniaschool.com\/es\/grupos-clases-conversacion-ingles\/","name":"Clases conversaci\u00f3n ingl\u00e9s en Barcelona Horta - New Britannia","isPartOf":{"@id":"https:\/\/newbritanniaschool.com\/#website"},"datePublished":"2016-10-03T18:54:09+00:00","dateModified":"2021-11-26T21:53:38+00:00","description":"Clases conversaci\u00f3n ingl\u00e9s en un ambiente distendido en el que se tratan diferentes tem\u00e1ticas, con la moderaci\u00f3n de un profesor nativo y cualificado.","breadcrumb":{"@id":"https:\/\/newbritanniaschool.com\/es\/grupos-clases-conversacion-ingles\/#breadcrumb"},"inLanguage":"es","potentialAction":[{"@type":"ReadAction","target":["https:\/\/newbritanniaschool.com\/es\/grupos-clases-conversacion-ingles\/"]}]},{"@type":"BreadcrumbList","@id":"https:\/\/newbritanniaschool.com\/es\/grupos-clases-conversacion-ingles\/#breadcrumb","itemListElement":[{"@type":"ListItem","position":1,"name":"Inici","item":"https:\/\/newbritanniaschool.com\/es\/new-britannia-school-of-english\/"},{"@type":"ListItem","position":2,"name":"Grupos de conversaci\u00f3n"}]},{"@type":"WebSite","@id":"https:\/\/newbritanniaschool.com\/#website","url":"https:\/\/newbritanniaschool.com\/","name":"New Britannia","description":"School of English","publisher":{"@id":"https:\/\/newbritanniaschool.com\/#organization"},"potentialAction":[{"@type":"SearchAction","target":{"@type":"EntryPoint","urlTemplate":"https:\/\/newbritanniaschool.com\/?s={search_term_string}"},"query-input":"required name=search_term_string"}],"inLanguage":"es"},{"@type":"Organization","@id":"https:\/\/newbritanniaschool.com\/#organization","name":"New Britannia School of English","url":"https:\/\/newbritanniaschool.com\/","logo":{"@type":"ImageObject","inLanguage":"es","@id":"https:\/\/newbritanniaschool.com\/#\/schema\/logo\/image\/","url":"https:\/\/newbritanniaschool.com\/wp-content\/uploads\/2021\/11\/logo-02-e1637660865296.png","contentUrl":"https:\/\/newbritanniaschool.com\/wp-content\/uploads\/2021\/11\/logo-02-e1637660865296.png","width":1754,"height":469,"caption":"New Britannia School of English"},"image":{"@id":"https:\/\/newbritanniaschool.com\/#\/schema\/logo\/image\/"},"sameAs":["https:\/\/www.facebook.com\/newbritanniaschool\/"]}]}},"_links":{"self":[{"href":"https:\/\/newbritanniaschool.com\/es\/wp-json\/wp\/v2\/pages\/387"}],"collection":[{"href":"https:\/\/newbritanniaschool.com\/es\/wp-json\/wp\/v2\/pages"}],"about":[{"href":"https:\/\/newbritanniaschool.com\/es\/wp-json\/wp\/v2\/types\/page"}],"author":[{"embeddable":true,"href":"https:\/\/newbritanniaschool.com\/es\/wp-json\/wp\/v2\/users\/1"}],"replies":[{"embeddable":true,"href":"https:\/\/newbritanniaschool.com\/es\/wp-json\/wp\/v2\/comments?post=387"}],"version-history":[{"count":9,"href":"https:\/\/newbritanniaschool.com\/es\/wp-json\/wp\/v2\/pages\/387\/revisions"}],"predecessor-version":[{"id":1207,"href":"https:\/\/newbritanniaschool.com\/es\/wp-json\/wp\/v2\/pages\/387\/revisions\/1207"}],"wp:attachment":[{"href":"https:\/\/newbritanniaschool.com\/es\/wp-json\/wp\/v2\/media?parent=387"}],"curies":[{"name":"wp","href":"https:\/\/api.w.org\/{rel}","templated":true}]}}