{"id":284,"date":"2016-06-23T10:21:39","date_gmt":"2016-06-23T09:21:39","guid":{"rendered":"http:\/\/newbritanniaschool.com\/es\/?page_id=284"},"modified":"2021-11-26T22:53:48","modified_gmt":"2021-11-26T21:53:48","slug":"academia-trinity-college-certificates","status":"publish","type":"page","link":"https:\/\/newbritanniaschool.com\/es\/academia-trinity-college-certificates\/","title":{"rendered":"Trinity College Certificates"},"content":{"rendered":"\n<style type=\"text\/css\" data-created_by=\"avia_inline_auto\" id=\"style-css-av-wxkrw-be6f5e277b6b3b5ea45af8351bd0627d\">\n.flex_column.av-wxkrw-be6f5e277b6b3b5ea45af8351bd0627d{\n-webkit-border-radius:0px 0px 0px 0px;\n-moz-border-radius:0px 0px 0px 0px;\nborder-radius:0px 0px 0px 0px;\npadding:0px 0px 0px 0px;\n}\n<\/style>\n<div class='flex_column av-wxkrw-be6f5e277b6b3b5ea45af8351bd0627d av_one_full  avia-builder-el-0  el_before_av_button_big  avia-builder-el-no-sibling  first flex_column_div av-zero-column-padding '     ><section  class='av_textblock_section av-pd6g4-fc5f1b3efd9039190b3c697f8923310e'  itemscope=\"itemscope\" itemtype=\"https:\/\/schema.org\/CreativeWork\" ><div class='avia_textblock'  itemprop=\"text\" ><h2>ACADEMIA TRINITY COLLEGE CERTIFICATES<\/h2>\n<p>El Trinity College de Londres es una instituci\u00f3n activa desde 1877 y es reconocida a nivel mundial por sus est\u00e1ndares educativos en la ense\u00f1anza del ingl\u00e9s.<br \/>\nTe preparamos en nuestra academia Trinity para que obtengas\u00a0 los conocimientos necesarios y te certifiques en cualquiera de los tres tipos de ex\u00e1menes del Trinity College:<img decoding=\"async\" class=\"alignright size-full wp-image-136\" src=\"https:\/\/newbritanniaschool.com\/wp-content\/uploads\/2016\/06\/New-Britannia-Reg-Num-2058-Trinity-College.jpg\" alt=\"New Britannia Registre 2058 Trinity College Exams\" width=\"600\" height=\"300\" srcset=\"https:\/\/newbritanniaschool.com\/wp-content\/uploads\/2016\/06\/New-Britannia-Reg-Num-2058-Trinity-College.jpg 600w, https:\/\/newbritanniaschool.com\/wp-content\/uploads\/2016\/06\/New-Britannia-Reg-Num-2058-Trinity-College-300x150.jpg 300w, https:\/\/newbritanniaschool.com\/wp-content\/uploads\/2016\/06\/New-Britannia-Reg-Num-2058-Trinity-College-450x225.jpg 450w\" sizes=\"(max-width: 600px) 100vw, 600px\" \/><\/p>\n<ul>\n<li><strong>GESE (Graded Examinations in Spoken English) &#8211;\u00a0<\/strong>certifica tus competencias en expresi\u00f3n oral y comprensi\u00f3n auditiva.<\/li>\n<\/ul>\n<ul>\n<li><strong>I<\/strong><strong>SE (Integrated Skills in English) &#8211;\u00a0<\/strong>certifica tus\u00a0habilidades a la hora de hablar, escuchar, escribir y leer.\u00a0Este certificado es requerido a estudiantes extranjeros\u00a0a la hora de ingresar en instituciones del Reino Unido para demostrar su nivel\u00a0de competencia en Ingl\u00e9s<strong>.<\/strong><\/li>\n<\/ul>\n<ul>\n<li><strong>SEW (Spoken English for Work) &#8211;\u00a0<\/strong>es un examen orientado a la demostrar tus competencias en expresi\u00f3n oral y comprensi\u00f3n auditiva dentro del mundo laboral. Se corresponde con el (CEFR) Nivel Com\u00fan Europeo de Referencia, y est\u00e1 dirigido a cualquiera mayor de 16 a\u00f1os que necesite certificarse para entrar en el mundo laboral.<\/li>\n<\/ul>\n<p><strong><span style=\"color: #ff0000;\">\u00a0<\/span><\/strong><\/p>\n<\/div><\/section><\/div><div  class='avia-button-wrap avia-button-center  avia-builder-el-2  el_after_av_one_full  el_before_av_slideshow_full '>\n<style type=\"text\/css\" data-created_by=\"avia_inline_auto\" id=\"style-css-av-isg2k-58293e766e309f1cb6b1fdc349256c9d\">\n#top #wrap_all .avia-button.av-isg2k-58293e766e309f1cb6b1fdc349256c9d{\ncolor:#ffffff;\n-webkit-transition:all 0.4s ease-in-out;\n-moz-transition:all 0.4s ease-in-out;\n-ms-transition:all 0.4s ease-in-out;\n-o-transition:all 0.4s ease-in-out;\ntransition:all 0.4s ease-in-out;\n}\n#top #wrap_all .avia-button.av-isg2k-58293e766e309f1cb6b1fdc349256c9d:hover{\ncolor:#ffffff;\n-webkit-transition:all 0.4s ease-in-out;\n-moz-transition:all 0.4s ease-in-out;\n-ms-transition:all 0.4s ease-in-out;\n-o-transition:all 0.4s ease-in-out;\ntransition:all 0.4s ease-in-out;\n}\n<\/style>\n<a href='https:\/\/newbritanniaschool.com\/es\/contacto-escuela-de-ingles-horta-barcelona\/' class='avia-color-theme-color avia-button avia-button-fullwidth av-isg2k-58293e766e309f1cb6b1fdc349256c9d avia-icon_select-yes-left-icon avia-color-theme-color'  target=\"_blank\"  rel=\"noopener noreferrer\" ><span class='avia_button_icon avia_button_icon_left' aria-hidden='true' data-av_icon='\ue889' data-av_iconfont='entypo-fontello'><\/span><span class='avia_iconbox_title' >Contacta con nosotros!<\/span><div class='av-button-description av-button-description-below'><p>P\u00eddenos m\u00e1s informaci\u00f3n para ex\u00e1menes y Certificados<\/p>\n<\/div><span class='avia_button_background avia-button avia-button-fullwidth avia-color-theme-color'><\/span><\/a><\/div><\/p>\n<div id='full_slider_1'  class='avia-fullwidth-slider main_color avia-shadow   avia-builder-el-3  el_after_av_button_big  avia-builder-el-last   slider-not-first container_wrap sidebar_right'  ><div  class='avia-slideshow av-gvil8-c0411be2214dfda91ce87a899f7ef4e5 avia-slideshow-no scaling av_slideshow_full avia-slide-slider av-slideshow-ui av-control-default av-slideshow-manual av-loop-once av-loop-manual-endless av-default-height-applied   avia-slideshow-1' data-slideshow-options=\"{&quot;animation&quot;:&quot;slide&quot;,&quot;autoplay&quot;:false,&quot;loop_autoplay&quot;:&quot;once&quot;,&quot;interval&quot;:5,&quot;loop_manual&quot;:&quot;manual-endless&quot;,&quot;autoplay_stopper&quot;:false,&quot;noNavigation&quot;:false,&quot;bg_slider&quot;:false,&quot;keep_padding&quot;:false,&quot;hoverpause&quot;:false,&quot;show_slide_delay&quot;:0}\"  itemprop=\"image\" itemscope=\"itemscope\" itemtype=\"https:\/\/schema.org\/ImageObject\" ><ul class='avia-slideshow-inner ' style='padding-bottom: 38.526315789474%;'><li  class='avia-slideshow-slide av-gvil8-c0411be2214dfda91ce87a899f7ef4e5__0  av-single-slide slide-1 slide-odd'><div data-rel='slideshow-1' class='avia-slide-wrap '   ><img decoding=\"async\" class=\"wp-image-107 avia-img-lazy-loading-not-107\"  src=\"https:\/\/newbritanniaschool.com\/wp-content\/uploads\/2016\/06\/TRINITY-COLLEGE-exam-centre.jpg\" width=\"1900\" height=\"732\" title='TRINITY-COLLEGE-exam-centre' alt=''  itemprop=\"thumbnailUrl\" srcset=\"https:\/\/newbritanniaschool.com\/wp-content\/uploads\/2016\/06\/TRINITY-COLLEGE-exam-centre.jpg 1900w, https:\/\/newbritanniaschool.com\/wp-content\/uploads\/2016\/06\/TRINITY-COLLEGE-exam-centre-300x116.jpg 300w, https:\/\/newbritanniaschool.com\/wp-content\/uploads\/2016\/06\/TRINITY-COLLEGE-exam-centre-768x296.jpg 768w, https:\/\/newbritanniaschool.com\/wp-content\/uploads\/2016\/06\/TRINITY-COLLEGE-exam-centre-1030x397.jpg 1030w, https:\/\/newbritanniaschool.com\/wp-content\/uploads\/2016\/06\/TRINITY-COLLEGE-exam-centre-1500x578.jpg 1500w, https:\/\/newbritanniaschool.com\/wp-content\/uploads\/2016\/06\/TRINITY-COLLEGE-exam-centre-705x272.jpg 705w, https:\/\/newbritanniaschool.com\/wp-content\/uploads\/2016\/06\/TRINITY-COLLEGE-exam-centre-450x173.jpg 450w\" sizes=\"(max-width: 1900px) 100vw, 1900px\" \/><\/div><\/li><\/ul><\/div><\/div>\n","protected":false},"excerpt":{"rendered":"","protected":false},"author":1,"featured_media":0,"parent":0,"menu_order":0,"comment_status":"closed","ping_status":"closed","template":"","meta":[],"yoast_head":"<!-- This site is optimized with the Yoast SEO plugin v20.5 - https:\/\/yoast.com\/wordpress\/plugins\/seo\/ -->\n<title>Academia Trinity College Certificates London - New Britannia<\/title>\n<meta name=\"description\" content=\"Obt\u00e9n el GESE, ISE, SEW y otros ex\u00e1menes de Trinity. Academia Trinity New Britannia School: tu academia certificada en Horta Barcelona.\" \/>\n<meta name=\"robots\" content=\"index, follow, max-snippet:-1, max-image-preview:large, max-video-preview:-1\" \/>\n<link rel=\"canonical\" href=\"https:\/\/newbritanniaschool.com\/es\/academia-trinity-college-certificates\/\" \/>\n<meta property=\"og:locale\" content=\"es_ES\" \/>\n<meta property=\"og:type\" content=\"article\" \/>\n<meta property=\"og:title\" content=\"Academia Trinity College Certificates London - New Britannia\" \/>\n<meta property=\"og:description\" content=\"Obt\u00e9n el GESE, ISE, SEW y otros ex\u00e1menes de Trinity. Academia Trinity New Britannia School: tu academia certificada en Horta Barcelona.\" \/>\n<meta property=\"og:url\" content=\"https:\/\/newbritanniaschool.com\/es\/academia-trinity-college-certificates\/\" \/>\n<meta property=\"og:site_name\" content=\"New Britannia\" \/>\n<meta property=\"article:publisher\" content=\"https:\/\/www.facebook.com\/newbritanniaschool\/\" \/>\n<meta property=\"article:modified_time\" content=\"2021-11-26T21:53:48+00:00\" \/>\n<meta property=\"og:image\" content=\"https:\/\/newbritanniaschool.com\/wp-content\/uploads\/2016\/06\/New-Britannia-Reg-Num-2058-Trinity-College.jpg\" \/>\n<meta name=\"twitter:card\" content=\"summary_large_image\" \/>\n<meta name=\"twitter:label1\" content=\"Tiempo de lectura\" \/>\n\t<meta name=\"twitter:data1\" content=\"2 minutos\" \/>\n<script type=\"application\/ld+json\" class=\"yoast-schema-graph\">{\"@context\":\"https:\/\/schema.org\",\"@graph\":[{\"@type\":\"WebPage\",\"@id\":\"https:\/\/newbritanniaschool.com\/es\/academia-trinity-college-certificates\/\",\"url\":\"https:\/\/newbritanniaschool.com\/es\/academia-trinity-college-certificates\/\",\"name\":\"Academia Trinity College Certificates London - New Britannia\",\"isPartOf\":{\"@id\":\"https:\/\/newbritanniaschool.com\/#website\"},\"datePublished\":\"2016-06-23T09:21:39+00:00\",\"dateModified\":\"2021-11-26T21:53:48+00:00\",\"description\":\"Obt\u00e9n el GESE, ISE, SEW y otros ex\u00e1menes de Trinity. Academia Trinity New Britannia School: tu academia certificada en Horta Barcelona.\",\"breadcrumb\":{\"@id\":\"https:\/\/newbritanniaschool.com\/es\/academia-trinity-college-certificates\/#breadcrumb\"},\"inLanguage\":\"es\",\"potentialAction\":[{\"@type\":\"ReadAction\",\"target\":[\"https:\/\/newbritanniaschool.com\/es\/academia-trinity-college-certificates\/\"]}]},{\"@type\":\"BreadcrumbList\",\"@id\":\"https:\/\/newbritanniaschool.com\/es\/academia-trinity-college-certificates\/#breadcrumb\",\"itemListElement\":[{\"@type\":\"ListItem\",\"position\":1,\"name\":\"Inici\",\"item\":\"https:\/\/newbritanniaschool.com\/es\/new-britannia-school-of-english\/\"},{\"@type\":\"ListItem\",\"position\":2,\"name\":\"Trinity College Certificates\"}]},{\"@type\":\"WebSite\",\"@id\":\"https:\/\/newbritanniaschool.com\/#website\",\"url\":\"https:\/\/newbritanniaschool.com\/\",\"name\":\"New Britannia\",\"description\":\"School of English\",\"publisher\":{\"@id\":\"https:\/\/newbritanniaschool.com\/#organization\"},\"potentialAction\":[{\"@type\":\"SearchAction\",\"target\":{\"@type\":\"EntryPoint\",\"urlTemplate\":\"https:\/\/newbritanniaschool.com\/?s={search_term_string}\"},\"query-input\":\"required name=search_term_string\"}],\"inLanguage\":\"es\"},{\"@type\":\"Organization\",\"@id\":\"https:\/\/newbritanniaschool.com\/#organization\",\"name\":\"New Britannia School of English\",\"url\":\"https:\/\/newbritanniaschool.com\/\",\"logo\":{\"@type\":\"ImageObject\",\"inLanguage\":\"es\",\"@id\":\"https:\/\/newbritanniaschool.com\/#\/schema\/logo\/image\/\",\"url\":\"https:\/\/newbritanniaschool.com\/wp-content\/uploads\/2021\/11\/logo-02-e1637660865296.png\",\"contentUrl\":\"https:\/\/newbritanniaschool.com\/wp-content\/uploads\/2021\/11\/logo-02-e1637660865296.png\",\"width\":1754,\"height\":469,\"caption\":\"New Britannia School of English\"},\"image\":{\"@id\":\"https:\/\/newbritanniaschool.com\/#\/schema\/logo\/image\/\"},\"sameAs\":[\"https:\/\/www.facebook.com\/newbritanniaschool\/\"]}]}<\/script>\n<!-- \/ Yoast SEO plugin. -->","yoast_head_json":{"title":"Academia Trinity College Certificates London - New Britannia","description":"Obt\u00e9n el GESE, ISE, SEW y otros ex\u00e1menes de Trinity. Academia Trinity New Britannia School: tu academia certificada en Horta Barcelona.","robots":{"index":"index","follow":"follow","max-snippet":"max-snippet:-1","max-image-preview":"max-image-preview:large","max-video-preview":"max-video-preview:-1"},"canonical":"https:\/\/newbritanniaschool.com\/es\/academia-trinity-college-certificates\/","og_locale":"es_ES","og_type":"article","og_title":"Academia Trinity College Certificates London - New Britannia","og_description":"Obt\u00e9n el GESE, ISE, SEW y otros ex\u00e1menes de Trinity. Academia Trinity New Britannia School: tu academia certificada en Horta Barcelona.","og_url":"https:\/\/newbritanniaschool.com\/es\/academia-trinity-college-certificates\/","og_site_name":"New Britannia","article_publisher":"https:\/\/www.facebook.com\/newbritanniaschool\/","article_modified_time":"2021-11-26T21:53:48+00:00","og_image":[{"url":"https:\/\/newbritanniaschool.com\/wp-content\/uploads\/2016\/06\/New-Britannia-Reg-Num-2058-Trinity-College.jpg"}],"twitter_card":"summary_large_image","twitter_misc":{"Tiempo de lectura":"2 minutos"},"schema":{"@context":"https:\/\/schema.org","@graph":[{"@type":"WebPage","@id":"https:\/\/newbritanniaschool.com\/es\/academia-trinity-college-certificates\/","url":"https:\/\/newbritanniaschool.com\/es\/academia-trinity-college-certificates\/","name":"Academia Trinity College Certificates London - New Britannia","isPartOf":{"@id":"https:\/\/newbritanniaschool.com\/#website"},"datePublished":"2016-06-23T09:21:39+00:00","dateModified":"2021-11-26T21:53:48+00:00","description":"Obt\u00e9n el GESE, ISE, SEW y otros ex\u00e1menes de Trinity. Academia Trinity New Britannia School: tu academia certificada en Horta Barcelona.","breadcrumb":{"@id":"https:\/\/newbritanniaschool.com\/es\/academia-trinity-college-certificates\/#breadcrumb"},"inLanguage":"es","potentialAction":[{"@type":"ReadAction","target":["https:\/\/newbritanniaschool.com\/es\/academia-trinity-college-certificates\/"]}]},{"@type":"BreadcrumbList","@id":"https:\/\/newbritanniaschool.com\/es\/academia-trinity-college-certificates\/#breadcrumb","itemListElement":[{"@type":"ListItem","position":1,"name":"Inici","item":"https:\/\/newbritanniaschool.com\/es\/new-britannia-school-of-english\/"},{"@type":"ListItem","position":2,"name":"Trinity College Certificates"}]},{"@type":"WebSite","@id":"https:\/\/newbritanniaschool.com\/#website","url":"https:\/\/newbritanniaschool.com\/","name":"New Britannia","description":"School of English","publisher":{"@id":"https:\/\/newbritanniaschool.com\/#organization"},"potentialAction":[{"@type":"SearchAction","target":{"@type":"EntryPoint","urlTemplate":"https:\/\/newbritanniaschool.com\/?s={search_term_string}"},"query-input":"required name=search_term_string"}],"inLanguage":"es"},{"@type":"Organization","@id":"https:\/\/newbritanniaschool.com\/#organization","name":"New Britannia School of English","url":"https:\/\/newbritanniaschool.com\/","logo":{"@type":"ImageObject","inLanguage":"es","@id":"https:\/\/newbritanniaschool.com\/#\/schema\/logo\/image\/","url":"https:\/\/newbritanniaschool.com\/wp-content\/uploads\/2021\/11\/logo-02-e1637660865296.png","contentUrl":"https:\/\/newbritanniaschool.com\/wp-content\/uploads\/2021\/11\/logo-02-e1637660865296.png","width":1754,"height":469,"caption":"New Britannia School of English"},"image":{"@id":"https:\/\/newbritanniaschool.com\/#\/schema\/logo\/image\/"},"sameAs":["https:\/\/www.facebook.com\/newbritanniaschool\/"]}]}},"_links":{"self":[{"href":"https:\/\/newbritanniaschool.com\/es\/wp-json\/wp\/v2\/pages\/284"}],"collection":[{"href":"https:\/\/newbritanniaschool.com\/es\/wp-json\/wp\/v2\/pages"}],"about":[{"href":"https:\/\/newbritanniaschool.com\/es\/wp-json\/wp\/v2\/types\/page"}],"author":[{"embeddable":true,"href":"https:\/\/newbritanniaschool.com\/es\/wp-json\/wp\/v2\/users\/1"}],"replies":[{"embeddable":true,"href":"https:\/\/newbritanniaschool.com\/es\/wp-json\/wp\/v2\/comments?post=284"}],"version-history":[{"count":8,"href":"https:\/\/newbritanniaschool.com\/es\/wp-json\/wp\/v2\/pages\/284\/revisions"}],"predecessor-version":[{"id":1213,"href":"https:\/\/newbritanniaschool.com\/es\/wp-json\/wp\/v2\/pages\/284\/revisions\/1213"}],"wp:attachment":[{"href":"https:\/\/newbritanniaschool.com\/es\/wp-json\/wp\/v2\/media?parent=284"}],"curies":[{"name":"wp","href":"https:\/\/api.w.org\/{rel}","templated":true}]}}