{"id":280,"date":"2016-06-23T10:17:55","date_gmt":"2016-06-23T09:17:55","guid":{"rendered":"http:\/\/newbritanniaschool.com\/es\/?page_id=280"},"modified":"2021-11-26T22:54:10","modified_gmt":"2021-11-26T21:54:10","slug":"cursos-de-ingles-horta-barcelona","status":"publish","type":"page","link":"https:\/\/newbritanniaschool.com\/es\/cursos-de-ingles-horta-barcelona\/","title":{"rendered":"Cursos"},"content":{"rendered":"\n<style type=\"text\/css\" data-created_by=\"avia_inline_auto\" id=\"style-css-av-1yop0g-24f80a65c16843919a70fa12727ac6b4\">\n.flex_column.av-1yop0g-24f80a65c16843919a70fa12727ac6b4{\n-webkit-border-radius:0px 0px 0px 0px;\n-moz-border-radius:0px 0px 0px 0px;\nborder-radius:0px 0px 0px 0px;\npadding:0px 0px 0px 0px;\n}\n<\/style>\n<div class='flex_column av-1yop0g-24f80a65c16843919a70fa12727ac6b4 av_one_full  avia-builder-el-0  el_before_av_one_third  avia-builder-el-first  first flex_column_div av-zero-column-padding '     ><section  class='av_textblock_section av-1qiowo-305eb2ffa0d6b0df8317e03f24eafe63'  itemscope=\"itemscope\" itemtype=\"https:\/\/schema.org\/CreativeWork\" ><div class='avia_textblock'  itemprop=\"text\" ><h2 style=\"text-align: center;\">\u00a1NEW BRITANNIA y sus cursos de ingl\u00e9s te abren las puertas al mundo!<\/h2>\n<p><span style=\"color: #1065bb;\"><br \/>\n<\/span>Somos una escuela especializada en la ense\u00f1anza del ingl\u00e9s, con m\u00e1s de 30 a\u00f1os de experiencia y pasi\u00f3n por esta lengua.<\/p>\n<p>Sabemos que los retos presentes y futuros exigen el conocimiento y dominio del ingl\u00e9s, con el fin de abrirte un mundo de oportunidades. Por esto te proponemos que vengas a conocernos, expl\u00edcanos qu\u00e9 necesitas y d\u00e9janos que te ayudemos a conseguir tus metas.<\/p>\n<\/div><\/section><\/div>\n\n<style type=\"text\/css\" data-created_by=\"avia_inline_auto\" id=\"style-css-av-1jkka0-7339b64b010c5424459c9d50b84bdff2\">\n.flex_column.av-1jkka0-7339b64b010c5424459c9d50b84bdff2{\n-webkit-border-radius:0px 0px 0px 0px;\n-moz-border-radius:0px 0px 0px 0px;\nborder-radius:0px 0px 0px 0px;\npadding:0px 0px 0px 0px;\n}\n<\/style>\n<div class='flex_column av-1jkka0-7339b64b010c5424459c9d50b84bdff2 av_one_third  avia-builder-el-2  el_after_av_one_full  el_before_av_one_third  first flex_column_div av-zero-column-padding column-top-margin'     ><style type=\"text\/css\" data-created_by=\"avia_inline_auto\" id=\"style-css-av-1d80nk-69b2d6662ef06ed69f7756a7ac7212ef\">\n.avia-image-container.av-1d80nk-69b2d6662ef06ed69f7756a7ac7212ef img.avia_image{\nbox-shadow:none;\n}\n.avia-image-container.av-1d80nk-69b2d6662ef06ed69f7756a7ac7212ef .av-caption-image-overlay-bg{\nopacity:0.4;\nbackground-color:#000000;\n}\n.avia-image-container.av-1d80nk-69b2d6662ef06ed69f7756a7ac7212ef .av-image-caption-overlay-center{\ncolor:#ffffff;\n}\n<\/style>\n<div  class='avia-image-container av-1d80nk-69b2d6662ef06ed69f7756a7ac7212ef av-styling-circle avia-align-center  avia-builder-el-3  avia-builder-el-no-sibling  noHover av-overlay-hover-deactivate'   itemprop=\"image\" itemscope=\"itemscope\" itemtype=\"https:\/\/schema.org\/ImageObject\" ><div class=\"avia-image-container-inner\"><div class=\"avia-image-overlay-wrap\"><a href=\"https:\/\/newbritanniaschool.com\/es\/clases-de-ingles-para-ninos-jovenes\/\" class='avia_image'  target=\"_blank\"  rel=\"noopener noreferrer\"><div class=\"av-image-caption-overlay\"><div class=\"av-caption-image-overlay-bg\"><\/div><div class=\"av-image-caption-overlay-position\"><div class=\"av-image-caption-overlay-center\"><p>INGL\u00c9S PARA NI\u00d1OS Y J\u00d3VENES<\/p>\n<\/div><\/div><\/div><img decoding=\"async\" class='wp-image-729 avia-img-lazy-loading-not-729 avia_image ' src=\"https:\/\/newbritanniaschool.com\/wp-content\/uploads\/2016\/06\/new-britannia-angles-per-nens-i-joves.jpg\" alt='clases de ingles para ni\u00f1os' title='new-britannia-angles-per-nens-i-joves'  height=\"1280\" width=\"1920\"  itemprop=\"thumbnailUrl\" srcset=\"https:\/\/newbritanniaschool.com\/wp-content\/uploads\/2016\/06\/new-britannia-angles-per-nens-i-joves.jpg 1920w, https:\/\/newbritanniaschool.com\/wp-content\/uploads\/2016\/06\/new-britannia-angles-per-nens-i-joves-300x200.jpg 300w, https:\/\/newbritanniaschool.com\/wp-content\/uploads\/2016\/06\/new-britannia-angles-per-nens-i-joves-768x512.jpg 768w, https:\/\/newbritanniaschool.com\/wp-content\/uploads\/2016\/06\/new-britannia-angles-per-nens-i-joves-1030x687.jpg 1030w, https:\/\/newbritanniaschool.com\/wp-content\/uploads\/2016\/06\/new-britannia-angles-per-nens-i-joves-1500x1000.jpg 1500w, https:\/\/newbritanniaschool.com\/wp-content\/uploads\/2016\/06\/new-britannia-angles-per-nens-i-joves-705x470.jpg 705w, https:\/\/newbritanniaschool.com\/wp-content\/uploads\/2016\/06\/new-britannia-angles-per-nens-i-joves-450x300.jpg 450w\" sizes=\"(max-width: 1920px) 100vw, 1920px\" \/><\/a><\/div><\/div><\/div><\/div>\n<style type=\"text\/css\" data-created_by=\"avia_inline_auto\" id=\"style-css-av-1b6bvk-6187efa87521ad3b0081fea668ce014d\">\n.flex_column.av-1b6bvk-6187efa87521ad3b0081fea668ce014d{\n-webkit-border-radius:0px 0px 0px 0px;\n-moz-border-radius:0px 0px 0px 0px;\nborder-radius:0px 0px 0px 0px;\npadding:0px 0px 0px 0px;\n}\n<\/style>\n<div class='flex_column av-1b6bvk-6187efa87521ad3b0081fea668ce014d av_one_third  avia-builder-el-4  el_after_av_one_third  el_before_av_one_third  flex_column_div av-zero-column-padding column-top-margin'     ><style type=\"text\/css\" data-created_by=\"avia_inline_auto\" id=\"style-css-av-11qvyw-d616a7262a818641c236254b467fb190\">\n.avia-image-container.av-11qvyw-d616a7262a818641c236254b467fb190 img.avia_image{\nbox-shadow:none;\n}\n.avia-image-container.av-11qvyw-d616a7262a818641c236254b467fb190 .av-caption-image-overlay-bg{\nopacity:0.4;\nbackground-color:#000000;\n}\n.avia-image-container.av-11qvyw-d616a7262a818641c236254b467fb190 .av-image-caption-overlay-center{\ncolor:#ffffff;\n}\n<\/style>\n<div  class='avia-image-container av-11qvyw-d616a7262a818641c236254b467fb190 av-styling-circle avia-align-center  avia-builder-el-5  avia-builder-el-no-sibling  noHover av-overlay-hover-deactivate'   itemprop=\"image\" itemscope=\"itemscope\" itemtype=\"https:\/\/schema.org\/ImageObject\" ><div class=\"avia-image-container-inner\"><div class=\"avia-image-overlay-wrap\"><a href=\"https:\/\/newbritanniaschool.com\/es\/clases-de-ingles-para-adultos\/\" class='avia_image'  target=\"_blank\"  rel=\"noopener noreferrer\"><div class=\"av-image-caption-overlay\"><div class=\"av-caption-image-overlay-bg\"><\/div><div class=\"av-image-caption-overlay-position\"><div class=\"av-image-caption-overlay-center\"><p>INGL\u00c9S PARA ADULTOS<\/p>\n<\/div><\/div><\/div><img decoding=\"async\" class='wp-image-152 avia-img-lazy-loading-not-152 avia_image ' src=\"https:\/\/newbritanniaschool.com\/wp-content\/uploads\/2016\/06\/cursos-angles-adults.jpg\" alt='CURSOS ANGLES PER A ADULTS A BARCELONA' title='cursos angles adults'  height=\"1281\" width=\"1920\"  itemprop=\"thumbnailUrl\" srcset=\"https:\/\/newbritanniaschool.com\/wp-content\/uploads\/2016\/06\/cursos-angles-adults.jpg 1920w, https:\/\/newbritanniaschool.com\/wp-content\/uploads\/2016\/06\/cursos-angles-adults-300x200.jpg 300w, https:\/\/newbritanniaschool.com\/wp-content\/uploads\/2016\/06\/cursos-angles-adults-768x512.jpg 768w, https:\/\/newbritanniaschool.com\/wp-content\/uploads\/2016\/06\/cursos-angles-adults-1030x687.jpg 1030w, https:\/\/newbritanniaschool.com\/wp-content\/uploads\/2016\/06\/cursos-angles-adults-1500x1001.jpg 1500w, https:\/\/newbritanniaschool.com\/wp-content\/uploads\/2016\/06\/cursos-angles-adults-705x470.jpg 705w, https:\/\/newbritanniaschool.com\/wp-content\/uploads\/2016\/06\/cursos-angles-adults-450x300.jpg 450w\" sizes=\"(max-width: 1920px) 100vw, 1920px\" \/><\/a><\/div><\/div><\/div><\/div>\n<style type=\"text\/css\" data-created_by=\"avia_inline_auto\" id=\"style-css-av-y8a3k-5ff0e347fe8fe8c195ff4e07b15f7913\">\n.flex_column.av-y8a3k-5ff0e347fe8fe8c195ff4e07b15f7913{\n-webkit-border-radius:0px 0px 0px 0px;\n-moz-border-radius:0px 0px 0px 0px;\nborder-radius:0px 0px 0px 0px;\npadding:0px 0px 0px 0px;\n}\n<\/style>\n<div class='flex_column av-y8a3k-5ff0e347fe8fe8c195ff4e07b15f7913 av_one_third  avia-builder-el-6  el_after_av_one_third  el_before_av_hr  flex_column_div av-zero-column-padding column-top-margin'     ><style type=\"text\/css\" data-created_by=\"avia_inline_auto\" id=\"style-css-av-s9bo8-d77a71b9cc9e7f33e3745cb3e41a2ea1\">\n.avia-image-container.av-s9bo8-d77a71b9cc9e7f33e3745cb3e41a2ea1 img.avia_image{\nbox-shadow:none;\n}\n.avia-image-container.av-s9bo8-d77a71b9cc9e7f33e3745cb3e41a2ea1 .av-caption-image-overlay-bg{\nopacity:0.4;\nbackground-color:#000000;\n}\n.avia-image-container.av-s9bo8-d77a71b9cc9e7f33e3745cb3e41a2ea1 .av-image-caption-overlay-center{\ncolor:#ffffff;\n}\n<\/style>\n<div  class='avia-image-container av-s9bo8-d77a71b9cc9e7f33e3745cb3e41a2ea1 av-styling-circle avia-align-center  avia-builder-el-7  avia-builder-el-no-sibling  noHover av-overlay-hover-deactivate'   itemprop=\"image\" itemscope=\"itemscope\" itemtype=\"https:\/\/schema.org\/ImageObject\" ><div class=\"avia-image-container-inner\"><div class=\"avia-image-overlay-wrap\"><a href=\"https:\/\/newbritanniaschool.com\/es\/ingles-de-negocios\/\" class='avia_image'  target=\"_blank\"  rel=\"noopener noreferrer\"><div class=\"av-image-caption-overlay\"><div class=\"av-caption-image-overlay-bg\"><\/div><div class=\"av-image-caption-overlay-position\"><div class=\"av-image-caption-overlay-center\"><p>INGL\u00c9S DE NEGOCIOS<\/p>\n<\/div><\/div><\/div><img decoding=\"async\" class='wp-image-725 avia-img-lazy-loading-not-725 avia_image ' src=\"https:\/\/newbritanniaschool.com\/wp-content\/uploads\/2016\/06\/business-man-1031755_1920.jpg\" alt='ingles de negocios' title='business-man-1031755_1920'  height=\"1289\" width=\"1920\"  itemprop=\"thumbnailUrl\" srcset=\"https:\/\/newbritanniaschool.com\/wp-content\/uploads\/2016\/06\/business-man-1031755_1920.jpg 1920w, https:\/\/newbritanniaschool.com\/wp-content\/uploads\/2016\/06\/business-man-1031755_1920-300x201.jpg 300w, https:\/\/newbritanniaschool.com\/wp-content\/uploads\/2016\/06\/business-man-1031755_1920-768x516.jpg 768w, https:\/\/newbritanniaschool.com\/wp-content\/uploads\/2016\/06\/business-man-1031755_1920-1030x691.jpg 1030w, https:\/\/newbritanniaschool.com\/wp-content\/uploads\/2016\/06\/business-man-1031755_1920-1500x1007.jpg 1500w, https:\/\/newbritanniaschool.com\/wp-content\/uploads\/2016\/06\/business-man-1031755_1920-705x473.jpg 705w, https:\/\/newbritanniaschool.com\/wp-content\/uploads\/2016\/06\/business-man-1031755_1920-450x302.jpg 450w\" sizes=\"(max-width: 1920px) 100vw, 1920px\" \/><\/a><\/div><\/div><\/div><\/div>\n<style type=\"text\/css\" data-created_by=\"avia_inline_auto\" id=\"style-css-av-igxps-6049d187d45ca2e73297fbad431d5b95\">\n#top .hr.hr-invisible.av-igxps-6049d187d45ca2e73297fbad431d5b95{\nheight:50px;\n}\n<\/style>\n<div  class='hr av-igxps-6049d187d45ca2e73297fbad431d5b95 hr-invisible  avia-builder-el-8  el_after_av_one_third  el_before_av_button '><span class='hr-inner '><span class=\"hr-inner-style\"><\/span><\/span><\/div><\/p>\n<div  class='avia-button-wrap av-1q9q8-fa50eb836d50009b4d4989836df41f37-wrap avia-button-center  avia-builder-el-9  el_after_av_hr  el_before_av_hr '>\n<style type=\"text\/css\" data-created_by=\"avia_inline_auto\" id=\"style-css-av-1q9q8-fa50eb836d50009b4d4989836df41f37\">\n#top #wrap_all .avia-button.av-1q9q8-fa50eb836d50009b4d4989836df41f37{\nbackground-color:#2d5c88;\nborder-color:#2d5c88;\ncolor:#ffffff;\n-webkit-transition:all 0.4s ease-in-out;\n-moz-transition:all 0.4s ease-in-out;\n-ms-transition:all 0.4s ease-in-out;\n-o-transition:all 0.4s ease-in-out;\ntransition:all 0.4s ease-in-out;\n}\n<\/style>\n<a href='https:\/\/newbritanniaschool.com\/es\/contacto-escuela-de-ingles-horta-barcelona\/'  class='avia-button av-1q9q8-fa50eb836d50009b4d4989836df41f37 avia-icon_select-yes-left-icon avia-size-x-large avia-position-center'  target=\"_blank\"  rel=\"noopener noreferrer\" ><span class='avia_button_icon avia_button_icon_left' aria-hidden='true' data-av_icon='\ue81f' data-av_iconfont='entypo-fontello'><\/span><span class='avia_iconbox_title' >P\u00cdDENOS INFORMACI\u00d3N<\/span><\/a><\/div>\n\n<style type=\"text\/css\" data-created_by=\"avia_inline_auto\" id=\"style-css-av-7fvqg-6eec95f26173c92e62b99a18ad60f840\">\n#top .hr.hr-invisible.av-7fvqg-6eec95f26173c92e62b99a18ad60f840{\nheight:50px;\n}\n<\/style>\n<div  class='hr av-7fvqg-6eec95f26173c92e62b99a18ad60f840 hr-invisible  avia-builder-el-10  el_after_av_button  avia-builder-el-last '><span class='hr-inner '><span class=\"hr-inner-style\"><\/span><\/span><\/div>\n","protected":false},"excerpt":{"rendered":"","protected":false},"author":1,"featured_media":0,"parent":0,"menu_order":0,"comment_status":"closed","ping_status":"closed","template":"","meta":[],"yoast_head":"<!-- This site is optimized with the Yoast SEO plugin v20.5 - https:\/\/yoast.com\/wordpress\/plugins\/seo\/ -->\n<title>Cursos de Ingl\u00e9s en Horta - Escuela de idiomas New Britannia<\/title>\n<meta name=\"description\" content=\"Cursos de ingl\u00e9s para todas las edades y niveles. Nuestra metodolog\u00eda abarca todas las \u00e1reas para aprender ingl\u00e9s de la forma m\u00e1s efectiva.\" \/>\n<meta name=\"robots\" content=\"index, follow, max-snippet:-1, max-image-preview:large, max-video-preview:-1\" \/>\n<link rel=\"canonical\" href=\"https:\/\/newbritanniaschool.com\/es\/cursos-de-ingles-horta-barcelona\/\" \/>\n<meta property=\"og:locale\" content=\"es_ES\" \/>\n<meta property=\"og:type\" content=\"article\" \/>\n<meta property=\"og:title\" content=\"Cursos de Ingl\u00e9s en Horta - Escuela de idiomas New Britannia\" \/>\n<meta property=\"og:description\" content=\"Cursos de ingl\u00e9s para todas las edades y niveles. Nuestra metodolog\u00eda abarca todas las \u00e1reas para aprender ingl\u00e9s de la forma m\u00e1s efectiva.\" \/>\n<meta property=\"og:url\" content=\"https:\/\/newbritanniaschool.com\/es\/cursos-de-ingles-horta-barcelona\/\" \/>\n<meta property=\"og:site_name\" content=\"New Britannia\" \/>\n<meta property=\"article:publisher\" content=\"https:\/\/www.facebook.com\/newbritanniaschool\/\" \/>\n<meta property=\"article:modified_time\" content=\"2021-11-26T21:54:10+00:00\" \/>\n<meta name=\"twitter:card\" content=\"summary_large_image\" \/>\n<meta name=\"twitter:label1\" content=\"Tiempo de lectura\" \/>\n\t<meta name=\"twitter:data1\" content=\"4 minutos\" \/>\n<script type=\"application\/ld+json\" class=\"yoast-schema-graph\">{\"@context\":\"https:\/\/schema.org\",\"@graph\":[{\"@type\":\"WebPage\",\"@id\":\"https:\/\/newbritanniaschool.com\/es\/cursos-de-ingles-horta-barcelona\/\",\"url\":\"https:\/\/newbritanniaschool.com\/es\/cursos-de-ingles-horta-barcelona\/\",\"name\":\"Cursos de Ingl\u00e9s en Horta - Escuela de idiomas New Britannia\",\"isPartOf\":{\"@id\":\"https:\/\/newbritanniaschool.com\/#website\"},\"datePublished\":\"2016-06-23T09:17:55+00:00\",\"dateModified\":\"2021-11-26T21:54:10+00:00\",\"description\":\"Cursos de ingl\u00e9s para todas las edades y niveles. Nuestra metodolog\u00eda abarca todas las \u00e1reas para aprender ingl\u00e9s de la forma m\u00e1s efectiva.\",\"breadcrumb\":{\"@id\":\"https:\/\/newbritanniaschool.com\/es\/cursos-de-ingles-horta-barcelona\/#breadcrumb\"},\"inLanguage\":\"es\",\"potentialAction\":[{\"@type\":\"ReadAction\",\"target\":[\"https:\/\/newbritanniaschool.com\/es\/cursos-de-ingles-horta-barcelona\/\"]}]},{\"@type\":\"BreadcrumbList\",\"@id\":\"https:\/\/newbritanniaschool.com\/es\/cursos-de-ingles-horta-barcelona\/#breadcrumb\",\"itemListElement\":[{\"@type\":\"ListItem\",\"position\":1,\"name\":\"Inici\",\"item\":\"https:\/\/newbritanniaschool.com\/es\/new-britannia-school-of-english\/\"},{\"@type\":\"ListItem\",\"position\":2,\"name\":\"Cursos\"}]},{\"@type\":\"WebSite\",\"@id\":\"https:\/\/newbritanniaschool.com\/#website\",\"url\":\"https:\/\/newbritanniaschool.com\/\",\"name\":\"New Britannia\",\"description\":\"School of English\",\"publisher\":{\"@id\":\"https:\/\/newbritanniaschool.com\/#organization\"},\"potentialAction\":[{\"@type\":\"SearchAction\",\"target\":{\"@type\":\"EntryPoint\",\"urlTemplate\":\"https:\/\/newbritanniaschool.com\/?s={search_term_string}\"},\"query-input\":\"required name=search_term_string\"}],\"inLanguage\":\"es\"},{\"@type\":\"Organization\",\"@id\":\"https:\/\/newbritanniaschool.com\/#organization\",\"name\":\"New Britannia School of English\",\"url\":\"https:\/\/newbritanniaschool.com\/\",\"logo\":{\"@type\":\"ImageObject\",\"inLanguage\":\"es\",\"@id\":\"https:\/\/newbritanniaschool.com\/#\/schema\/logo\/image\/\",\"url\":\"https:\/\/newbritanniaschool.com\/wp-content\/uploads\/2021\/11\/logo-02-e1637660865296.png\",\"contentUrl\":\"https:\/\/newbritanniaschool.com\/wp-content\/uploads\/2021\/11\/logo-02-e1637660865296.png\",\"width\":1754,\"height\":469,\"caption\":\"New Britannia School of English\"},\"image\":{\"@id\":\"https:\/\/newbritanniaschool.com\/#\/schema\/logo\/image\/\"},\"sameAs\":[\"https:\/\/www.facebook.com\/newbritanniaschool\/\"]}]}<\/script>\n<!-- \/ Yoast SEO plugin. -->","yoast_head_json":{"title":"Cursos de Ingl\u00e9s en Horta - Escuela de idiomas New Britannia","description":"Cursos de ingl\u00e9s para todas las edades y niveles. Nuestra metodolog\u00eda abarca todas las \u00e1reas para aprender ingl\u00e9s de la forma m\u00e1s efectiva.","robots":{"index":"index","follow":"follow","max-snippet":"max-snippet:-1","max-image-preview":"max-image-preview:large","max-video-preview":"max-video-preview:-1"},"canonical":"https:\/\/newbritanniaschool.com\/es\/cursos-de-ingles-horta-barcelona\/","og_locale":"es_ES","og_type":"article","og_title":"Cursos de Ingl\u00e9s en Horta - Escuela de idiomas New Britannia","og_description":"Cursos de ingl\u00e9s para todas las edades y niveles. Nuestra metodolog\u00eda abarca todas las \u00e1reas para aprender ingl\u00e9s de la forma m\u00e1s efectiva.","og_url":"https:\/\/newbritanniaschool.com\/es\/cursos-de-ingles-horta-barcelona\/","og_site_name":"New Britannia","article_publisher":"https:\/\/www.facebook.com\/newbritanniaschool\/","article_modified_time":"2021-11-26T21:54:10+00:00","twitter_card":"summary_large_image","twitter_misc":{"Tiempo de lectura":"4 minutos"},"schema":{"@context":"https:\/\/schema.org","@graph":[{"@type":"WebPage","@id":"https:\/\/newbritanniaschool.com\/es\/cursos-de-ingles-horta-barcelona\/","url":"https:\/\/newbritanniaschool.com\/es\/cursos-de-ingles-horta-barcelona\/","name":"Cursos de Ingl\u00e9s en Horta - Escuela de idiomas New Britannia","isPartOf":{"@id":"https:\/\/newbritanniaschool.com\/#website"},"datePublished":"2016-06-23T09:17:55+00:00","dateModified":"2021-11-26T21:54:10+00:00","description":"Cursos de ingl\u00e9s para todas las edades y niveles. Nuestra metodolog\u00eda abarca todas las \u00e1reas para aprender ingl\u00e9s de la forma m\u00e1s efectiva.","breadcrumb":{"@id":"https:\/\/newbritanniaschool.com\/es\/cursos-de-ingles-horta-barcelona\/#breadcrumb"},"inLanguage":"es","potentialAction":[{"@type":"ReadAction","target":["https:\/\/newbritanniaschool.com\/es\/cursos-de-ingles-horta-barcelona\/"]}]},{"@type":"BreadcrumbList","@id":"https:\/\/newbritanniaschool.com\/es\/cursos-de-ingles-horta-barcelona\/#breadcrumb","itemListElement":[{"@type":"ListItem","position":1,"name":"Inici","item":"https:\/\/newbritanniaschool.com\/es\/new-britannia-school-of-english\/"},{"@type":"ListItem","position":2,"name":"Cursos"}]},{"@type":"WebSite","@id":"https:\/\/newbritanniaschool.com\/#website","url":"https:\/\/newbritanniaschool.com\/","name":"New Britannia","description":"School of English","publisher":{"@id":"https:\/\/newbritanniaschool.com\/#organization"},"potentialAction":[{"@type":"SearchAction","target":{"@type":"EntryPoint","urlTemplate":"https:\/\/newbritanniaschool.com\/?s={search_term_string}"},"query-input":"required name=search_term_string"}],"inLanguage":"es"},{"@type":"Organization","@id":"https:\/\/newbritanniaschool.com\/#organization","name":"New Britannia School of English","url":"https:\/\/newbritanniaschool.com\/","logo":{"@type":"ImageObject","inLanguage":"es","@id":"https:\/\/newbritanniaschool.com\/#\/schema\/logo\/image\/","url":"https:\/\/newbritanniaschool.com\/wp-content\/uploads\/2021\/11\/logo-02-e1637660865296.png","contentUrl":"https:\/\/newbritanniaschool.com\/wp-content\/uploads\/2021\/11\/logo-02-e1637660865296.png","width":1754,"height":469,"caption":"New Britannia School of English"},"image":{"@id":"https:\/\/newbritanniaschool.com\/#\/schema\/logo\/image\/"},"sameAs":["https:\/\/www.facebook.com\/newbritanniaschool\/"]}]}},"_links":{"self":[{"href":"https:\/\/newbritanniaschool.com\/es\/wp-json\/wp\/v2\/pages\/280"}],"collection":[{"href":"https:\/\/newbritanniaschool.com\/es\/wp-json\/wp\/v2\/pages"}],"about":[{"href":"https:\/\/newbritanniaschool.com\/es\/wp-json\/wp\/v2\/types\/page"}],"author":[{"embeddable":true,"href":"https:\/\/newbritanniaschool.com\/es\/wp-json\/wp\/v2\/users\/1"}],"replies":[{"embeddable":true,"href":"https:\/\/newbritanniaschool.com\/es\/wp-json\/wp\/v2\/comments?post=280"}],"version-history":[{"count":9,"href":"https:\/\/newbritanniaschool.com\/es\/wp-json\/wp\/v2\/pages\/280\/revisions"}],"predecessor-version":[{"id":1292,"href":"https:\/\/newbritanniaschool.com\/es\/wp-json\/wp\/v2\/pages\/280\/revisions\/1292"}],"wp:attachment":[{"href":"https:\/\/newbritanniaschool.com\/es\/wp-json\/wp\/v2\/media?parent=280"}],"curies":[{"name":"wp","href":"https:\/\/api.w.org\/{rel}","templated":true}]}}