{"id":276,"date":"2016-06-23T10:01:03","date_gmt":"2016-06-23T09:01:03","guid":{"rendered":"http:\/\/newbritanniaschool.com\/es\/?page_id=276"},"modified":"2026-02-03T10:21:43","modified_gmt":"2026-02-03T09:21:43","slug":"certificados-ingles-cambridge-trinity-oficiales","status":"publish","type":"page","link":"https:\/\/newbritanniaschool.com\/es\/certificados-ingles-cambridge-trinity-oficiales\/","title":{"rendered":"Certificados oficiales"},"content":{"rendered":"\n<style type=\"text\/css\" data-created_by=\"avia_inline_auto\" id=\"style-css-av-1kdo44-9417ef5d49a4e6d9286e597c4842ced2\">\n.avia-section.av-1kdo44-9417ef5d49a4e6d9286e597c4842ced2{\nbackground-color:#c43a40;\nbackground-image:unset;\n}\n<\/style>\n<div id='av_section_1'  class='avia-section av-1kdo44-9417ef5d49a4e6d9286e597c4842ced2 main_color avia-section-default avia-no-shadow  avia-builder-el-0  avia-builder-el-no-sibling  avia-bg-style-scroll container_wrap sidebar_right'  ><div class='container av-section-cont-open' ><main  role=\"main\" itemprop=\"mainContentOfPage\"  class='template-page content  av-content-small alpha units'><div class='post-entry post-entry-type-page post-entry-276'><div class='entry-content-wrapper clearfix'>\n\n<style type=\"text\/css\" data-created_by=\"avia_inline_auto\" id=\"style-css-av-1flzk4-26a830b8913174e6c22a057af6af78db\">\n#top .av_textblock_section.av-1flzk4-26a830b8913174e6c22a057af6af78db .avia_textblock{\ncolor:#ffffff;\n}\n<\/style>\n<section  class='av_textblock_section av-1flzk4-26a830b8913174e6c22a057af6af78db'  itemscope=\"itemscope\" itemtype=\"https:\/\/schema.org\/CreativeWork\" ><div class='avia_textblock av_inherit_color'  itemprop=\"text\" ><h2 style=\"text-align: center;\">ACREDITA TU NIVEL DE INGL\u00c9S CON UN CERTIFICADO OFICIAL<\/h2>\n<\/div><\/section>\n<div class='flex_column_table av-ls39p7g0-84e6475ced4b812ddd265114780328c8 sc-av_one_third av-equal-height-column-flextable'>\n<style type=\"text\/css\" data-created_by=\"avia_inline_auto\" id=\"style-css-av-ls39p7g0-84e6475ced4b812ddd265114780328c8\">\n.flex_column.av-ls39p7g0-84e6475ced4b812ddd265114780328c8{\n-webkit-border-radius:5px 5px 5px 5px;\n-moz-border-radius:5px 5px 5px 5px;\nborder-radius:5px 5px 5px 5px;\npadding:0px 0px 0px 0px;\nbackground-color:#ffffff;\n}\n<\/style>\n<div class='flex_column av-ls39p7g0-84e6475ced4b812ddd265114780328c8 av_one_third  avia-builder-el-2  el_after_av_textblock  el_before_av_one_third  first flex_column_table_cell av-equal-height-column av-align-top av-zero-column-padding avia-link-column av-column-link column-top-margin'    data-link-column-url=\"https:\/\/newbritanniaschool.com\/es\/academia-cambridge-certificates\/\"   ><a class=\"av-screen-reader-only\" href=https:\/\/newbritanniaschool.com\/es\/academia-cambridge-certificates\/ >Link to: Cambridge Certificates<\/a><style type=\"text\/css\" data-created_by=\"avia_inline_auto\" id=\"style-css-av-ls39nuck-1eaa3f047e52c05f80014bd552c282cb\">\n.iconbox.av-ls39nuck-1eaa3f047e52c05f80014bd552c282cb .iconbox_icon{\nbackground-color:#2d5c88;\ncolor:#ffffff;\n}\n<\/style>\n<article  class='iconbox iconbox_top av-ls39nuck-1eaa3f047e52c05f80014bd552c282cb av-no-box  avia-builder-el-3  el_before_av_image  avia-builder-el-first '  itemscope=\"itemscope\" itemtype=\"https:\/\/schema.org\/CreativeWork\" ><div class=\"iconbox_content\"><header class=\"entry-content-header\"><a href='https:\/\/newbritanniaschool.com\/es\/aviso-legal\/' title='Cambridge University'  target=\"_blank\"  rel=\"noopener noreferrer\" class=\"iconbox_icon heading-color\" aria-hidden='true' data-av_icon='\ue8c9' data-av_iconfont='entypo-fontello'><\/a><h3 class='iconbox_content_title '  itemprop=\"headline\" ><a href='https:\/\/newbritanniaschool.com\/es\/aviso-legal\/' title='Cambridge University'  target=\"_blank\"  rel=\"noopener noreferrer\">Cambridge University<\/a><\/h3><\/header><div class='iconbox_content_container '  itemprop=\"text\" ><p style=\"text-align: center;\">Nuestra experiencia te garantizar\u00e1 el \u00e9xito en los ex\u00e1menes oficiales de la Cambridge University<\/p>\n<\/div><\/div><footer class=\"entry-footer\"><\/footer><\/article><br \/>\n\n<style type=\"text\/css\" data-created_by=\"avia_inline_auto\" id=\"style-css-av-j5ox0-0afd2a11664c884f06945c57246ee173\">\n.avia-image-container.av-j5ox0-0afd2a11664c884f06945c57246ee173 img.avia_image{\nbox-shadow:none;\n}\n.avia-image-container.av-j5ox0-0afd2a11664c884f06945c57246ee173 .av-image-caption-overlay-center{\ncolor:#ffffff;\n}\n<\/style>\n<div  class='avia-image-container av-j5ox0-0afd2a11664c884f06945c57246ee173 av-styling- avia-align-center  avia-builder-el-4  el_after_av_icon_box  avia-builder-el-last '   itemprop=\"image\" itemscope=\"itemscope\" itemtype=\"https:\/\/schema.org\/ImageObject\" ><div class=\"avia-image-container-inner\"><div class=\"avia-image-overlay-wrap\"><img decoding=\"async\" class='wp-image-1796 avia-img-lazy-loading-not-1796 avia_image ' src=\"https:\/\/newbritanniaschool.com\/wp-content\/uploads\/2026\/02\/cambridge-exams.png\" alt='' title='cambridge exams'  height=\"788\" width=\"940\"  itemprop=\"thumbnailUrl\" srcset=\"https:\/\/newbritanniaschool.com\/wp-content\/uploads\/2026\/02\/cambridge-exams.png 940w, https:\/\/newbritanniaschool.com\/wp-content\/uploads\/2026\/02\/cambridge-exams-300x251.png 300w, https:\/\/newbritanniaschool.com\/wp-content\/uploads\/2026\/02\/cambridge-exams-768x644.png 768w, https:\/\/newbritanniaschool.com\/wp-content\/uploads\/2026\/02\/cambridge-exams-705x591.png 705w\" sizes=\"(max-width: 940px) 100vw, 940px\" \/><\/div><\/div><\/div><\/p><\/div><div class='av-flex-placeholder'><\/div>\n<style type=\"text\/css\" data-created_by=\"avia_inline_auto\" id=\"style-css-av-ls39pz2p-3da0e9b6a1e4fbf2440588fa21cd4229\">\n.flex_column.av-ls39pz2p-3da0e9b6a1e4fbf2440588fa21cd4229{\n-webkit-border-radius:5px 5px 5px 5px;\n-moz-border-radius:5px 5px 5px 5px;\nborder-radius:5px 5px 5px 5px;\npadding:0px 0px 0px 0px;\nbackground-color:#ffffff;\n}\n<\/style>\n<div class='flex_column av-ls39pz2p-3da0e9b6a1e4fbf2440588fa21cd4229 av_one_third  avia-builder-el-5  el_after_av_one_third  el_before_av_one_third  flex_column_table_cell av-equal-height-column av-align-top av-zero-column-padding avia-link-column av-column-link column-top-margin'    data-link-column-url=\"https:\/\/newbritanniaschool.com\/es\/certificados-ingles-cambridge-trinity-oficiales\/toefl\/\"   ><a class=\"av-screen-reader-only\" href=https:\/\/newbritanniaschool.com\/es\/certificados-ingles-cambridge-trinity-oficiales\/toefl\/ >Link to: TOEFL<\/a><style type=\"text\/css\" data-created_by=\"avia_inline_auto\" id=\"style-css-av-ls39oe02-72b7a6f6919bba819eab78b3c3dfe4b8\">\n.iconbox.av-ls39oe02-72b7a6f6919bba819eab78b3c3dfe4b8 .iconbox_icon{\nbackground-color:#2d5c88;\ncolor:#ffffff;\n}\n<\/style>\n<article  class='iconbox iconbox_top av-ls39oe02-72b7a6f6919bba819eab78b3c3dfe4b8 av-no-box  avia-builder-el-6  el_before_av_image  avia-builder-el-first '  itemscope=\"itemscope\" itemtype=\"https:\/\/schema.org\/CreativeWork\" ><div class=\"iconbox_content\"><header class=\"entry-content-header\"><a href='https:\/\/newbritanniaschool.com\/es\/aviso-legal\/' title='TOEFL'  target=\"_blank\"  rel=\"noopener noreferrer\" class=\"iconbox_icon heading-color\" aria-hidden='true' data-av_icon='\ue8c9' data-av_iconfont='entypo-fontello'><\/a><h3 class='iconbox_content_title '  itemprop=\"headline\" ><a href='https:\/\/newbritanniaschool.com\/es\/aviso-legal\/' title='TOEFL'  target=\"_blank\"  rel=\"noopener noreferrer\">TOEFL<\/a><\/h3><\/header><div class='iconbox_content_container '  itemprop=\"text\" ><p style=\"text-align: center;\">Si necesitas el TOEFL para razones acad\u00e9micas o profesionales, te preparamos para conseguirlo con buena puntuaci\u00f3n.<\/p>\n<\/div><\/div><footer class=\"entry-footer\"><\/footer><\/article><br \/>\n\n<style type=\"text\/css\" data-created_by=\"avia_inline_auto\" id=\"style-css-av-dc790-1b2d24ff6464e23f82f22d62c1b9c451\">\n.avia-image-container.av-dc790-1b2d24ff6464e23f82f22d62c1b9c451 img.avia_image{\nbox-shadow:none;\n}\n.avia-image-container.av-dc790-1b2d24ff6464e23f82f22d62c1b9c451 .av-image-caption-overlay-center{\ncolor:#ffffff;\n}\n<\/style>\n<div  class='avia-image-container av-dc790-1b2d24ff6464e23f82f22d62c1b9c451 av-styling- avia-align-center  avia-builder-el-7  el_after_av_icon_box  avia-builder-el-last '   itemprop=\"image\" itemscope=\"itemscope\" itemtype=\"https:\/\/schema.org\/ImageObject\" ><div class=\"avia-image-container-inner\"><div class=\"avia-image-overlay-wrap\"><img decoding=\"async\" class='wp-image-1798 avia-img-lazy-loading-not-1798 avia_image ' src=\"https:\/\/newbritanniaschool.com\/wp-content\/uploads\/2026\/02\/toefl_black.png\" alt='' title='toefl_black'  height=\"788\" width=\"940\"  itemprop=\"thumbnailUrl\" srcset=\"https:\/\/newbritanniaschool.com\/wp-content\/uploads\/2026\/02\/toefl_black.png 940w, https:\/\/newbritanniaschool.com\/wp-content\/uploads\/2026\/02\/toefl_black-300x251.png 300w, https:\/\/newbritanniaschool.com\/wp-content\/uploads\/2026\/02\/toefl_black-768x644.png 768w, https:\/\/newbritanniaschool.com\/wp-content\/uploads\/2026\/02\/toefl_black-705x591.png 705w\" sizes=\"(max-width: 940px) 100vw, 940px\" \/><\/div><\/div><\/div><\/p><\/div><div class='av-flex-placeholder'><\/div>\n<style type=\"text\/css\" data-created_by=\"avia_inline_auto\" id=\"style-css-av-ls39q6k1-e146ae4601290f7b8669e5fc31d58ad6\">\n.flex_column.av-ls39q6k1-e146ae4601290f7b8669e5fc31d58ad6{\n-webkit-border-radius:5px 5px 5px 5px;\n-moz-border-radius:5px 5px 5px 5px;\nborder-radius:5px 5px 5px 5px;\npadding:0px 0px 0px 0px;\nbackground-color:#ffffff;\n}\n<\/style>\n<div class='flex_column av-ls39q6k1-e146ae4601290f7b8669e5fc31d58ad6 av_one_third  avia-builder-el-8  el_after_av_one_third  el_before_av_hr  flex_column_table_cell av-equal-height-column av-align-top av-zero-column-padding avia-link-column av-column-link column-top-margin'    data-link-column-url=\"https:\/\/newbritanniaschool.com\/es\/academia-trinity-college-certificates\/\"   ><a class=\"av-screen-reader-only\" href=https:\/\/newbritanniaschool.com\/es\/academia-trinity-college-certificates\/ >Link to: Trinity College Certificates<\/a><style type=\"text\/css\" data-created_by=\"avia_inline_auto\" id=\"style-css-av-ls39p3tj-15d81404c48893f36150612c3ce3b258\">\n.iconbox.av-ls39p3tj-15d81404c48893f36150612c3ce3b258 .iconbox_icon{\nbackground-color:#2d5c88;\ncolor:#ffffff;\n}\n<\/style>\n<article  class='iconbox iconbox_top av-ls39p3tj-15d81404c48893f36150612c3ce3b258 av-no-box  avia-builder-el-9  el_before_av_image  avia-builder-el-first '  itemscope=\"itemscope\" itemtype=\"https:\/\/schema.org\/CreativeWork\" ><div class=\"iconbox_content\"><header class=\"entry-content-header\"><a href='https:\/\/newbritanniaschool.com\/es\/aviso-legal\/' title='Trinity College'  target=\"_blank\"  rel=\"noopener noreferrer\" class=\"iconbox_icon heading-color\" aria-hidden='true' data-av_icon='\ue8c9' data-av_iconfont='entypo-fontello'><\/a><h3 class='iconbox_content_title '  itemprop=\"headline\" ><a href='https:\/\/newbritanniaschool.com\/es\/aviso-legal\/' title='Trinity College'  target=\"_blank\"  rel=\"noopener noreferrer\">Trinity College<\/a><\/h3><\/header><div class='iconbox_content_container '  itemprop=\"text\" ><p style=\"text-align: center;\">New Britannia School of English es Centro Acreditado con N. Reg 2058 para la realizaci\u00f3n de ex\u00e1menes oficiales del Trinity College<\/p>\n<\/div><\/div><footer class=\"entry-footer\"><\/footer><\/article><br \/>\n\n<style type=\"text\/css\" data-created_by=\"avia_inline_auto\" id=\"style-css-av-b7mb0-2a6f8bd7789411208fd7d0da57e7a01a\">\n.avia-image-container.av-b7mb0-2a6f8bd7789411208fd7d0da57e7a01a img.avia_image{\nbox-shadow:none;\n}\n.avia-image-container.av-b7mb0-2a6f8bd7789411208fd7d0da57e7a01a .av-image-caption-overlay-center{\ncolor:#ffffff;\n}\n<\/style>\n<div  class='avia-image-container av-b7mb0-2a6f8bd7789411208fd7d0da57e7a01a av-styling- avia-align-center  avia-builder-el-10  el_after_av_icon_box  avia-builder-el-last '   itemprop=\"image\" itemscope=\"itemscope\" itemtype=\"https:\/\/schema.org\/ImageObject\" ><div class=\"avia-image-container-inner\"><div class=\"avia-image-overlay-wrap\"><img decoding=\"async\" class='wp-image-1802 avia-img-lazy-loading-not-1802 avia_image ' src=\"https:\/\/newbritanniaschool.com\/wp-content\/uploads\/2026\/02\/trinity.png\" alt='' title='trinity'  height=\"788\" width=\"940\"  itemprop=\"thumbnailUrl\" srcset=\"https:\/\/newbritanniaschool.com\/wp-content\/uploads\/2026\/02\/trinity.png 940w, https:\/\/newbritanniaschool.com\/wp-content\/uploads\/2026\/02\/trinity-300x251.png 300w, https:\/\/newbritanniaschool.com\/wp-content\/uploads\/2026\/02\/trinity-768x644.png 768w, https:\/\/newbritanniaschool.com\/wp-content\/uploads\/2026\/02\/trinity-705x591.png 705w\" sizes=\"(max-width: 940px) 100vw, 940px\" \/><\/div><\/div><\/div><\/p><\/div><\/div><!--close column table wrapper. Autoclose: 1 -->\n<style type=\"text\/css\" data-created_by=\"avia_inline_auto\" id=\"style-css-av-qb0t0-b8a95a75af936dfbd4e0f34aa7495645\">\n#top .hr.hr-invisible.av-qb0t0-b8a95a75af936dfbd4e0f34aa7495645{\nheight:50px;\n}\n<\/style>\n<div  class='hr av-qb0t0-b8a95a75af936dfbd4e0f34aa7495645 hr-invisible  avia-builder-el-11  el_after_av_one_third  el_before_av_textblock '><span class='hr-inner '><span class=\"hr-inner-style\"><\/span><\/span><\/div>\n\n<style type=\"text\/css\" data-created_by=\"avia_inline_auto\" id=\"style-css-av-m86jg-d6a6492d16d0f1e815c2ce28d0c36ae9\">\n#top .av_textblock_section.av-m86jg-d6a6492d16d0f1e815c2ce28d0c36ae9 .avia_textblock{\nfont-size:18px;\ncolor:#ffffff;\n}\n<\/style>\n<section  class='av_textblock_section av-m86jg-d6a6492d16d0f1e815c2ce28d0c36ae9'  itemscope=\"itemscope\" itemtype=\"https:\/\/schema.org\/CreativeWork\" ><div class='avia_textblock av_inherit_color'  itemprop=\"text\" ><p style=\"text-align: center;\">Los cursos destinados a preparar estos ex\u00e1menes oficiales de ingl\u00e9s incluyen:<\/p>\n<p style=\"text-align: center;\">Materiales espec\u00edficos<\/p>\n<p style=\"text-align: center;\">T\u00e9cnicas para aprobar el examen<\/p>\n<p style=\"text-align: center;\">Sesiones de simulacro de ex\u00e1menes<\/p>\n<p style=\"text-align: center;\">Preparaci\u00f3n espec\u00edfica por parte de profesorado nativo y cualificado<\/p>\n<\/div><\/section>\n\n<style type=\"text\/css\" data-created_by=\"avia_inline_auto\" id=\"style-css-av-d87qc-cfea945e650d9beb2555820dbb27e9ab\">\n#top .hr.hr-invisible.av-d87qc-cfea945e650d9beb2555820dbb27e9ab{\nheight:50px;\n}\n<\/style>\n<div  class='hr av-d87qc-cfea945e650d9beb2555820dbb27e9ab hr-invisible  avia-builder-el-13  el_after_av_textblock  el_before_av_button '><span class='hr-inner '><span class=\"hr-inner-style\"><\/span><\/span><\/div>\n<div  class='avia-button-wrap av-a4b6k-3314c421db59d4f03baf292fb738698c-wrap avia-button-center  avia-builder-el-14  el_after_av_hr  avia-builder-el-last '><a href='https:\/\/newbritanniaschool.com\/es\/contacto-escuela-de-ingles-horta-barcelona\/'  class='avia-button av-a4b6k-3314c421db59d4f03baf292fb738698c avia-icon_select-yes-left-icon avia-size-x-large avia-position-center avia-color-theme-color'  target=\"_blank\"  rel=\"noopener noreferrer\" ><span class='avia_button_icon avia_button_icon_left' aria-hidden='true' data-av_icon='\ue81f' data-av_iconfont='entypo-fontello'><\/span><span class='avia_iconbox_title' >P\u00eddenos m\u00e1s informaci\u00f3n<\/span><\/a><\/div>\n<\/div><\/div><\/main><!-- close content main element --><\/div><\/div><div id='after_section_1'  class='main_color av_default_container_wrap container_wrap sidebar_right'  ><div class='container av-section-cont-open' ><div class='template-page content  av-content-small alpha units'><div class='post-entry post-entry-type-page post-entry-276'><div class='entry-content-wrapper clearfix'>\n","protected":false},"excerpt":{"rendered":"","protected":false},"author":1,"featured_media":0,"parent":0,"menu_order":0,"comment_status":"closed","ping_status":"closed","template":"","meta":[],"yoast_head":"<!-- This site is optimized with the Yoast SEO plugin v20.5 - https:\/\/yoast.com\/wordpress\/plugins\/seo\/ -->\n<title>Acredita tu nivel con un certificado ingles Cambridge - New Britannia<\/title>\n<meta name=\"description\" content=\"\u00bfNecesitas un certificado de ingl\u00e9s Cambridge o Trinity? Te ayudamos a preparar los ex\u00e1menes oficiales. \u00a1Aprobar\u00e1s con New Britannia School!\" \/>\n<meta name=\"robots\" content=\"index, follow, max-snippet:-1, max-image-preview:large, max-video-preview:-1\" \/>\n<link rel=\"canonical\" href=\"https:\/\/newbritanniaschool.com\/es\/certificados-ingles-cambridge-trinity-oficiales\/\" \/>\n<meta property=\"og:locale\" content=\"es_ES\" \/>\n<meta property=\"og:type\" content=\"article\" \/>\n<meta property=\"og:title\" content=\"Acredita tu nivel con un certificado ingles Cambridge - New Britannia\" \/>\n<meta property=\"og:description\" content=\"\u00bfNecesitas un certificado de ingl\u00e9s Cambridge o Trinity? Te ayudamos a preparar los ex\u00e1menes oficiales. \u00a1Aprobar\u00e1s con New Britannia School!\" \/>\n<meta property=\"og:url\" content=\"https:\/\/newbritanniaschool.com\/es\/certificados-ingles-cambridge-trinity-oficiales\/\" \/>\n<meta property=\"og:site_name\" content=\"New Britannia\" \/>\n<meta property=\"article:publisher\" content=\"https:\/\/www.facebook.com\/newbritanniaschool\/\" \/>\n<meta property=\"article:modified_time\" content=\"2026-02-03T09:21:43+00:00\" \/>\n<meta name=\"twitter:card\" content=\"summary_large_image\" \/>\n<meta name=\"twitter:label1\" content=\"Tiempo de lectura\" \/>\n\t<meta name=\"twitter:data1\" content=\"6 minutos\" \/>\n<script type=\"application\/ld+json\" class=\"yoast-schema-graph\">{\"@context\":\"https:\/\/schema.org\",\"@graph\":[{\"@type\":\"WebPage\",\"@id\":\"https:\/\/newbritanniaschool.com\/es\/certificados-ingles-cambridge-trinity-oficiales\/\",\"url\":\"https:\/\/newbritanniaschool.com\/es\/certificados-ingles-cambridge-trinity-oficiales\/\",\"name\":\"Acredita tu nivel con un certificado ingles Cambridge - New Britannia\",\"isPartOf\":{\"@id\":\"https:\/\/newbritanniaschool.com\/#website\"},\"datePublished\":\"2016-06-23T09:01:03+00:00\",\"dateModified\":\"2026-02-03T09:21:43+00:00\",\"description\":\"\u00bfNecesitas un certificado de ingl\u00e9s Cambridge o Trinity? Te ayudamos a preparar los ex\u00e1menes oficiales. \u00a1Aprobar\u00e1s con New Britannia School!\",\"breadcrumb\":{\"@id\":\"https:\/\/newbritanniaschool.com\/es\/certificados-ingles-cambridge-trinity-oficiales\/#breadcrumb\"},\"inLanguage\":\"es\",\"potentialAction\":[{\"@type\":\"ReadAction\",\"target\":[\"https:\/\/newbritanniaschool.com\/es\/certificados-ingles-cambridge-trinity-oficiales\/\"]}]},{\"@type\":\"BreadcrumbList\",\"@id\":\"https:\/\/newbritanniaschool.com\/es\/certificados-ingles-cambridge-trinity-oficiales\/#breadcrumb\",\"itemListElement\":[{\"@type\":\"ListItem\",\"position\":1,\"name\":\"Inici\",\"item\":\"https:\/\/newbritanniaschool.com\/es\/new-britannia-school-of-english\/\"},{\"@type\":\"ListItem\",\"position\":2,\"name\":\"Certificados oficiales\"}]},{\"@type\":\"WebSite\",\"@id\":\"https:\/\/newbritanniaschool.com\/#website\",\"url\":\"https:\/\/newbritanniaschool.com\/\",\"name\":\"New Britannia\",\"description\":\"School of English\",\"publisher\":{\"@id\":\"https:\/\/newbritanniaschool.com\/#organization\"},\"potentialAction\":[{\"@type\":\"SearchAction\",\"target\":{\"@type\":\"EntryPoint\",\"urlTemplate\":\"https:\/\/newbritanniaschool.com\/?s={search_term_string}\"},\"query-input\":\"required name=search_term_string\"}],\"inLanguage\":\"es\"},{\"@type\":\"Organization\",\"@id\":\"https:\/\/newbritanniaschool.com\/#organization\",\"name\":\"New Britannia School of English\",\"url\":\"https:\/\/newbritanniaschool.com\/\",\"logo\":{\"@type\":\"ImageObject\",\"inLanguage\":\"es\",\"@id\":\"https:\/\/newbritanniaschool.com\/#\/schema\/logo\/image\/\",\"url\":\"https:\/\/newbritanniaschool.com\/wp-content\/uploads\/2021\/11\/logo-02-e1637660865296.png\",\"contentUrl\":\"https:\/\/newbritanniaschool.com\/wp-content\/uploads\/2021\/11\/logo-02-e1637660865296.png\",\"width\":1754,\"height\":469,\"caption\":\"New Britannia School of English\"},\"image\":{\"@id\":\"https:\/\/newbritanniaschool.com\/#\/schema\/logo\/image\/\"},\"sameAs\":[\"https:\/\/www.facebook.com\/newbritanniaschool\/\"]}]}<\/script>\n<!-- \/ Yoast SEO plugin. -->","yoast_head_json":{"title":"Acredita tu nivel con un certificado ingles Cambridge - New Britannia","description":"\u00bfNecesitas un certificado de ingl\u00e9s Cambridge o Trinity? Te ayudamos a preparar los ex\u00e1menes oficiales. \u00a1Aprobar\u00e1s con New Britannia School!","robots":{"index":"index","follow":"follow","max-snippet":"max-snippet:-1","max-image-preview":"max-image-preview:large","max-video-preview":"max-video-preview:-1"},"canonical":"https:\/\/newbritanniaschool.com\/es\/certificados-ingles-cambridge-trinity-oficiales\/","og_locale":"es_ES","og_type":"article","og_title":"Acredita tu nivel con un certificado ingles Cambridge - New Britannia","og_description":"\u00bfNecesitas un certificado de ingl\u00e9s Cambridge o Trinity? Te ayudamos a preparar los ex\u00e1menes oficiales. \u00a1Aprobar\u00e1s con New Britannia School!","og_url":"https:\/\/newbritanniaschool.com\/es\/certificados-ingles-cambridge-trinity-oficiales\/","og_site_name":"New Britannia","article_publisher":"https:\/\/www.facebook.com\/newbritanniaschool\/","article_modified_time":"2026-02-03T09:21:43+00:00","twitter_card":"summary_large_image","twitter_misc":{"Tiempo de lectura":"6 minutos"},"schema":{"@context":"https:\/\/schema.org","@graph":[{"@type":"WebPage","@id":"https:\/\/newbritanniaschool.com\/es\/certificados-ingles-cambridge-trinity-oficiales\/","url":"https:\/\/newbritanniaschool.com\/es\/certificados-ingles-cambridge-trinity-oficiales\/","name":"Acredita tu nivel con un certificado ingles Cambridge - New Britannia","isPartOf":{"@id":"https:\/\/newbritanniaschool.com\/#website"},"datePublished":"2016-06-23T09:01:03+00:00","dateModified":"2026-02-03T09:21:43+00:00","description":"\u00bfNecesitas un certificado de ingl\u00e9s Cambridge o Trinity? Te ayudamos a preparar los ex\u00e1menes oficiales. \u00a1Aprobar\u00e1s con New Britannia School!","breadcrumb":{"@id":"https:\/\/newbritanniaschool.com\/es\/certificados-ingles-cambridge-trinity-oficiales\/#breadcrumb"},"inLanguage":"es","potentialAction":[{"@type":"ReadAction","target":["https:\/\/newbritanniaschool.com\/es\/certificados-ingles-cambridge-trinity-oficiales\/"]}]},{"@type":"BreadcrumbList","@id":"https:\/\/newbritanniaschool.com\/es\/certificados-ingles-cambridge-trinity-oficiales\/#breadcrumb","itemListElement":[{"@type":"ListItem","position":1,"name":"Inici","item":"https:\/\/newbritanniaschool.com\/es\/new-britannia-school-of-english\/"},{"@type":"ListItem","position":2,"name":"Certificados oficiales"}]},{"@type":"WebSite","@id":"https:\/\/newbritanniaschool.com\/#website","url":"https:\/\/newbritanniaschool.com\/","name":"New Britannia","description":"School of English","publisher":{"@id":"https:\/\/newbritanniaschool.com\/#organization"},"potentialAction":[{"@type":"SearchAction","target":{"@type":"EntryPoint","urlTemplate":"https:\/\/newbritanniaschool.com\/?s={search_term_string}"},"query-input":"required name=search_term_string"}],"inLanguage":"es"},{"@type":"Organization","@id":"https:\/\/newbritanniaschool.com\/#organization","name":"New Britannia School of English","url":"https:\/\/newbritanniaschool.com\/","logo":{"@type":"ImageObject","inLanguage":"es","@id":"https:\/\/newbritanniaschool.com\/#\/schema\/logo\/image\/","url":"https:\/\/newbritanniaschool.com\/wp-content\/uploads\/2021\/11\/logo-02-e1637660865296.png","contentUrl":"https:\/\/newbritanniaschool.com\/wp-content\/uploads\/2021\/11\/logo-02-e1637660865296.png","width":1754,"height":469,"caption":"New Britannia School of English"},"image":{"@id":"https:\/\/newbritanniaschool.com\/#\/schema\/logo\/image\/"},"sameAs":["https:\/\/www.facebook.com\/newbritanniaschool\/"]}]}},"_links":{"self":[{"href":"https:\/\/newbritanniaschool.com\/es\/wp-json\/wp\/v2\/pages\/276"}],"collection":[{"href":"https:\/\/newbritanniaschool.com\/es\/wp-json\/wp\/v2\/pages"}],"about":[{"href":"https:\/\/newbritanniaschool.com\/es\/wp-json\/wp\/v2\/types\/page"}],"author":[{"embeddable":true,"href":"https:\/\/newbritanniaschool.com\/es\/wp-json\/wp\/v2\/users\/1"}],"replies":[{"embeddable":true,"href":"https:\/\/newbritanniaschool.com\/es\/wp-json\/wp\/v2\/comments?post=276"}],"version-history":[{"count":18,"href":"https:\/\/newbritanniaschool.com\/es\/wp-json\/wp\/v2\/pages\/276\/revisions"}],"predecessor-version":[{"id":1813,"href":"https:\/\/newbritanniaschool.com\/es\/wp-json\/wp\/v2\/pages\/276\/revisions\/1813"}],"wp:attachment":[{"href":"https:\/\/newbritanniaschool.com\/es\/wp-json\/wp\/v2\/media?parent=276"}],"curies":[{"name":"wp","href":"https:\/\/api.w.org\/{rel}","templated":true}]}}