{"id":270,"date":"2016-06-23T09:49:23","date_gmt":"2016-06-23T08:49:23","guid":{"rendered":"http:\/\/newbritanniaschool.com\/es\/?page_id=270"},"modified":"2025-09-23T16:16:23","modified_gmt":"2025-09-23T15:16:23","slug":"ingles-de-negocios","status":"publish","type":"page","link":"https:\/\/newbritanniaschool.com\/es\/ingles-de-negocios\/","title":{"rendered":"Ingl\u00e9s de negocios"},"content":{"rendered":"<section  class='av_textblock_section av-1rgu2e-5809a7f449c142ae64a290befa7a0c05'  itemscope=\"itemscope\" itemtype=\"https:\/\/schema.org\/CreativeWork\" ><div class='avia_textblock'  itemprop=\"text\" ><h2 style=\"text-align: center;\"><span style=\"color: #2d5c88;\">INGL\u00c9S DE NEGOCIOS<\/span><\/h2>\n<p style=\"text-align: center;\">No lo dejes m\u00e1s y \u00a1dec\u00eddete a mejorar tu futuro profesional!<\/p>\n<p style=\"text-align: center;\">PACKS de 10 horas de CLASES PARTICULARES<\/p>\n<\/div><\/section>\n<div  class='avia-icon-list-container av-1mcjt2-155951a7ec745bfb1a03d4126ff5280f  avia-builder-el-1  el_after_av_textblock  el_before_av_section  avia-builder-el-last '><ul class='avia-icon-list avia_animate_when_almost_visible avia-icon-list-left av-iconlist-big av-1mcjt2-155951a7ec745bfb1a03d4126ff5280f avia-iconlist-animate'>\n<li><div class='iconlist_icon av-1dpz92-4ead7517de05b3ec577d1f8a0c25a35d avia-font-entypo-fontello'><span class='iconlist-char' aria-hidden='true' data-av_icon='\ue80c' data-av_iconfont='entypo-fontello'><\/span><\/div><article class=\"article-icon-entry \"  itemscope=\"itemscope\" itemtype=\"https:\/\/schema.org\/CreativeWork\" ><div class=\"iconlist_content_wrap\"><header class=\"entry-content-header\"><h3 class='av_iconlist_title iconlist_title  '  itemprop=\"headline\" >Profesorado nativo y especializado<\/h3><\/header><div class='iconlist_content '  itemprop=\"text\" ><p>Nuestros profesores de ingl\u00e9s de negocios han trabajado en el entorno corporativo y combinan experiencia y conocimiento para guiarte en aspectos relacionados con la cultura, protocolo y \u00e1reas funcionales dentro de las organizaciones.<\/p>\n<\/div><\/div><footer class=\"entry-footer\"><\/footer><\/article><div class=\"iconlist-timeline\"><\/div><\/li>\n<li><div class='iconlist_icon av-4fkt2-4391767a29e4cb9cc817aba2437d9897 avia-font-entypo-fontello'><span class='iconlist-char' aria-hidden='true' data-av_icon='\ue812' data-av_iconfont='entypo-fontello'><\/span><\/div><article class=\"article-icon-entry \"  itemscope=\"itemscope\" itemtype=\"https:\/\/schema.org\/CreativeWork\" ><div class=\"iconlist_content_wrap\"><header class=\"entry-content-header\"><h3 class='av_iconlist_title iconlist_title  '  itemprop=\"headline\" >Rapidez y profesionalidad<\/h3><\/header><div class='iconlist_content '  itemprop=\"text\" ><p>\u00a1Aprende ingl\u00e9s de negocios con rapidez y de forma profesional!<\/p>\n<\/div><\/div><footer class=\"entry-footer\"><\/footer><\/article><div class=\"iconlist-timeline\"><\/div><\/li>\n<li><div class='iconlist_icon av-14j6au-70e202fb8af7151fd065a5142f3ae2aa avia-font-entypo-fontello'><span class='iconlist-char' aria-hidden='true' data-av_icon='\ue8bb' data-av_iconfont='entypo-fontello'><\/span><\/div><article class=\"article-icon-entry \"  itemscope=\"itemscope\" itemtype=\"https:\/\/schema.org\/CreativeWork\" ><div class=\"iconlist_content_wrap\"><header class=\"entry-content-header\"><h3 class='av_iconlist_title iconlist_title  '  itemprop=\"headline\" >Oportunidades y trabajo en el extranjero<\/h3><\/header><div class='iconlist_content '  itemprop=\"text\" ><p>Curso especialmente dirigido a aquellos alumnos que necesitan mejorar laboralmente, buscar nuevas oportunidades profesionales o trabajar en el extranjero.<\/p>\n<\/div><\/div><footer class=\"entry-footer\"><\/footer><\/article><div class=\"iconlist-timeline\"><\/div><\/li>\n<li><div class='iconlist_icon av-yisy6-af866a7a942900aceff43fd7c8afe9e6 avia-font-entypo-fontello'><span class='iconlist-char' aria-hidden='true' data-av_icon='\ue891' data-av_iconfont='entypo-fontello'><\/span><\/div><article class=\"article-icon-entry \"  itemscope=\"itemscope\" itemtype=\"https:\/\/schema.org\/CreativeWork\" ><div class=\"iconlist_content_wrap\"><header class=\"entry-content-header\"><h3 class='av_iconlist_title iconlist_title  '  itemprop=\"headline\" >Metodolog\u00eda<\/h3><\/header><div class='iconlist_content '  itemprop=\"text\" ><p>Nuestra metodolog\u00eda te permite aprender estructuras b\u00e1sicas, intermedias o avanzadas de ingl\u00e9s, a la vez que adquieres conocimientos de ingl\u00e9s de negocios.<\/p>\n<\/div><\/div><footer class=\"entry-footer\"><\/footer><\/article><div class=\"iconlist-timeline\"><\/div><\/li>\n<\/ul><\/div>\n<\/div><\/div><\/div><!-- close content main div --><\/div><\/div>\n<style type=\"text\/css\" data-created_by=\"avia_inline_auto\" id=\"style-css-av-ox4i6-f7b3061bfd229cd1044aaafedf1cf4c9\">\n.avia-section.av-ox4i6-f7b3061bfd229cd1044aaafedf1cf4c9 .av-parallax .av-parallax-inner{\nbackground-repeat:no-repeat;\nbackground-image:url(https:\/\/newbritanniaschool.com\/wp-content\/uploads\/2016\/06\/business-man-1031755_1920.jpg);\nbackground-position:50% 50%;\nbackground-attachment:scroll;\n}\n<\/style>\n<div id='av_section_1'  class='avia-section av-ox4i6-f7b3061bfd229cd1044aaafedf1cf4c9 main_color avia-section-default avia-no-shadow  avia-builder-el-2  el_after_av_iconlist  avia-builder-el-last  av-parallax-section avia-bg-style-parallax av-minimum-height av-minimum-height-25  container_wrap sidebar_right'  data-section-bg-repeat='no-repeat' data-av_minimum_height_pc='25'><div class='av-parallax' data-avia-parallax-ratio='0.3' ><div class='av-parallax-inner main_color avia-full-stretch'><\/div><\/div><div class='container av-section-cont-open' ><div class='template-page content  av-content-small alpha units'><div class='post-entry post-entry-type-page post-entry-270'><div class='entry-content-wrapper clearfix'>\n<div  class='avia-button-wrap av-k6xym-0be51ee7a26a33e522553104593718d3-wrap avia-button-center  avia-builder-el-3  el_before_av_hr  avia-builder-el-first '><a href='https:\/\/newbritanniaschool.com\/es\/contacto-escuela-de-ingles-horta-barcelona\/'  class='avia-button av-k6xym-0be51ee7a26a33e522553104593718d3 avia-icon_select-yes-left-icon avia-size-x-large avia-position-center avia-color-theme-color'  target=\"_blank\"  rel=\"noopener noreferrer\" ><span class='avia_button_icon avia_button_icon_left' aria-hidden='true' data-av_icon='\ue81f' data-av_iconfont='entypo-fontello'><\/span><span class='avia_iconbox_title' >P\u00cdDENOS INFORMACI\u00d3N PARA EMPEZAR<\/span><\/a><\/div>\n\n<style type=\"text\/css\" data-created_by=\"avia_inline_auto\" id=\"style-css-av-et872-3598a33c57f8c9d0bb528725910b6367\">\n#top .hr.hr-invisible.av-et872-3598a33c57f8c9d0bb528725910b6367{\nheight:50px;\n}\n<\/style>\n<div  class='hr av-et872-3598a33c57f8c9d0bb528725910b6367 hr-invisible  avia-builder-el-4  el_after_av_button  el_before_av_textblock '><span class='hr-inner '><span class=\"hr-inner-style\"><\/span><\/span><\/div>\n\n<style type=\"text\/css\" data-created_by=\"avia_inline_auto\" id=\"style-css-av-93uoe-e08d0bc6df70d36049461c9869e42254\">\n#top .av_textblock_section.av-93uoe-e08d0bc6df70d36049461c9869e42254 .avia_textblock{\nfont-size:20px;\ncolor:#ffffff;\n}\n<\/style>\n<section  class='av_textblock_section av-93uoe-e08d0bc6df70d36049461c9869e42254'  itemscope=\"itemscope\" itemtype=\"https:\/\/schema.org\/CreativeWork\" ><div class='avia_textblock av_inherit_color'  itemprop=\"text\" ><h2 style=\"text-align: center;\">\u00a1NEW BRITANNIA y sus cursos te abren las puertas al mundo!<\/h2>\n<p style=\"text-align: center;\"><span style=\"color: #1065bb;\">\u00a0<\/span><\/p>\n<\/div><\/section>\n<\/div><\/div><\/div><!-- close content main div --><\/div><\/div><div id='after_section_1'  class='main_color av_default_container_wrap container_wrap sidebar_right'  ><div class='container av-section-cont-open' ><div class='template-page content  av-content-small alpha units'><div class='post-entry post-entry-type-page post-entry-270'><div class='entry-content-wrapper clearfix'>\n","protected":false},"excerpt":{"rendered":"","protected":false},"author":1,"featured_media":0,"parent":0,"menu_order":0,"comment_status":"closed","ping_status":"closed","template":"","meta":[],"yoast_head":"<!-- This site is optimized with the Yoast SEO plugin v20.5 - https:\/\/yoast.com\/wordpress\/plugins\/seo\/ -->\n<title>Formaci\u00f3n ingl\u00e9s de negocios en Horta Barcelona - New Britannia<\/title>\n<meta name=\"description\" content=\"Clases de ingl\u00e9s de negocios con profesor nativo. Impulsa tus habilidades profesionales o para trabajar en el extranjero. \u00a1Contacta!\" \/>\n<meta name=\"robots\" content=\"index, follow, max-snippet:-1, max-image-preview:large, max-video-preview:-1\" \/>\n<link rel=\"canonical\" href=\"https:\/\/newbritanniaschool.com\/es\/ingles-de-negocios\/\" \/>\n<meta property=\"og:locale\" content=\"es_ES\" \/>\n<meta property=\"og:type\" content=\"article\" \/>\n<meta property=\"og:title\" content=\"Formaci\u00f3n ingl\u00e9s de negocios en Horta Barcelona - New Britannia\" \/>\n<meta property=\"og:description\" content=\"Clases de ingl\u00e9s de negocios con profesor nativo. Impulsa tus habilidades profesionales o para trabajar en el extranjero. \u00a1Contacta!\" \/>\n<meta property=\"og:url\" content=\"https:\/\/newbritanniaschool.com\/es\/ingles-de-negocios\/\" \/>\n<meta property=\"og:site_name\" content=\"New Britannia\" \/>\n<meta property=\"article:publisher\" content=\"https:\/\/www.facebook.com\/newbritanniaschool\/\" \/>\n<meta property=\"article:modified_time\" content=\"2025-09-23T15:16:23+00:00\" \/>\n<meta name=\"twitter:card\" content=\"summary_large_image\" \/>\n<meta name=\"twitter:label1\" content=\"Tiempo de lectura\" \/>\n\t<meta name=\"twitter:data1\" content=\"2 minutos\" \/>\n<script type=\"application\/ld+json\" class=\"yoast-schema-graph\">{\"@context\":\"https:\/\/schema.org\",\"@graph\":[{\"@type\":\"WebPage\",\"@id\":\"https:\/\/newbritanniaschool.com\/es\/ingles-de-negocios\/\",\"url\":\"https:\/\/newbritanniaschool.com\/es\/ingles-de-negocios\/\",\"name\":\"Formaci\u00f3n ingl\u00e9s de negocios en Horta Barcelona - New Britannia\",\"isPartOf\":{\"@id\":\"https:\/\/newbritanniaschool.com\/#website\"},\"datePublished\":\"2016-06-23T08:49:23+00:00\",\"dateModified\":\"2025-09-23T15:16:23+00:00\",\"description\":\"Clases de ingl\u00e9s de negocios con profesor nativo. Impulsa tus habilidades profesionales o para trabajar en el extranjero. \u00a1Contacta!\",\"breadcrumb\":{\"@id\":\"https:\/\/newbritanniaschool.com\/es\/ingles-de-negocios\/#breadcrumb\"},\"inLanguage\":\"es\",\"potentialAction\":[{\"@type\":\"ReadAction\",\"target\":[\"https:\/\/newbritanniaschool.com\/es\/ingles-de-negocios\/\"]}]},{\"@type\":\"BreadcrumbList\",\"@id\":\"https:\/\/newbritanniaschool.com\/es\/ingles-de-negocios\/#breadcrumb\",\"itemListElement\":[{\"@type\":\"ListItem\",\"position\":1,\"name\":\"Inici\",\"item\":\"https:\/\/newbritanniaschool.com\/es\/new-britannia-school-of-english\/\"},{\"@type\":\"ListItem\",\"position\":2,\"name\":\"Ingl\u00e9s de negocios\"}]},{\"@type\":\"WebSite\",\"@id\":\"https:\/\/newbritanniaschool.com\/#website\",\"url\":\"https:\/\/newbritanniaschool.com\/\",\"name\":\"New Britannia\",\"description\":\"School of English\",\"publisher\":{\"@id\":\"https:\/\/newbritanniaschool.com\/#organization\"},\"potentialAction\":[{\"@type\":\"SearchAction\",\"target\":{\"@type\":\"EntryPoint\",\"urlTemplate\":\"https:\/\/newbritanniaschool.com\/?s={search_term_string}\"},\"query-input\":\"required name=search_term_string\"}],\"inLanguage\":\"es\"},{\"@type\":\"Organization\",\"@id\":\"https:\/\/newbritanniaschool.com\/#organization\",\"name\":\"New Britannia School of English\",\"url\":\"https:\/\/newbritanniaschool.com\/\",\"logo\":{\"@type\":\"ImageObject\",\"inLanguage\":\"es\",\"@id\":\"https:\/\/newbritanniaschool.com\/#\/schema\/logo\/image\/\",\"url\":\"https:\/\/newbritanniaschool.com\/wp-content\/uploads\/2021\/11\/logo-02-e1637660865296.png\",\"contentUrl\":\"https:\/\/newbritanniaschool.com\/wp-content\/uploads\/2021\/11\/logo-02-e1637660865296.png\",\"width\":1754,\"height\":469,\"caption\":\"New Britannia School of English\"},\"image\":{\"@id\":\"https:\/\/newbritanniaschool.com\/#\/schema\/logo\/image\/\"},\"sameAs\":[\"https:\/\/www.facebook.com\/newbritanniaschool\/\"]}]}<\/script>\n<!-- \/ Yoast SEO plugin. -->","yoast_head_json":{"title":"Formaci\u00f3n ingl\u00e9s de negocios en Horta Barcelona - New Britannia","description":"Clases de ingl\u00e9s de negocios con profesor nativo. Impulsa tus habilidades profesionales o para trabajar en el extranjero. \u00a1Contacta!","robots":{"index":"index","follow":"follow","max-snippet":"max-snippet:-1","max-image-preview":"max-image-preview:large","max-video-preview":"max-video-preview:-1"},"canonical":"https:\/\/newbritanniaschool.com\/es\/ingles-de-negocios\/","og_locale":"es_ES","og_type":"article","og_title":"Formaci\u00f3n ingl\u00e9s de negocios en Horta Barcelona - New Britannia","og_description":"Clases de ingl\u00e9s de negocios con profesor nativo. Impulsa tus habilidades profesionales o para trabajar en el extranjero. \u00a1Contacta!","og_url":"https:\/\/newbritanniaschool.com\/es\/ingles-de-negocios\/","og_site_name":"New Britannia","article_publisher":"https:\/\/www.facebook.com\/newbritanniaschool\/","article_modified_time":"2025-09-23T15:16:23+00:00","twitter_card":"summary_large_image","twitter_misc":{"Tiempo de lectura":"2 minutos"},"schema":{"@context":"https:\/\/schema.org","@graph":[{"@type":"WebPage","@id":"https:\/\/newbritanniaschool.com\/es\/ingles-de-negocios\/","url":"https:\/\/newbritanniaschool.com\/es\/ingles-de-negocios\/","name":"Formaci\u00f3n ingl\u00e9s de negocios en Horta Barcelona - New Britannia","isPartOf":{"@id":"https:\/\/newbritanniaschool.com\/#website"},"datePublished":"2016-06-23T08:49:23+00:00","dateModified":"2025-09-23T15:16:23+00:00","description":"Clases de ingl\u00e9s de negocios con profesor nativo. Impulsa tus habilidades profesionales o para trabajar en el extranjero. \u00a1Contacta!","breadcrumb":{"@id":"https:\/\/newbritanniaschool.com\/es\/ingles-de-negocios\/#breadcrumb"},"inLanguage":"es","potentialAction":[{"@type":"ReadAction","target":["https:\/\/newbritanniaschool.com\/es\/ingles-de-negocios\/"]}]},{"@type":"BreadcrumbList","@id":"https:\/\/newbritanniaschool.com\/es\/ingles-de-negocios\/#breadcrumb","itemListElement":[{"@type":"ListItem","position":1,"name":"Inici","item":"https:\/\/newbritanniaschool.com\/es\/new-britannia-school-of-english\/"},{"@type":"ListItem","position":2,"name":"Ingl\u00e9s de negocios"}]},{"@type":"WebSite","@id":"https:\/\/newbritanniaschool.com\/#website","url":"https:\/\/newbritanniaschool.com\/","name":"New Britannia","description":"School of English","publisher":{"@id":"https:\/\/newbritanniaschool.com\/#organization"},"potentialAction":[{"@type":"SearchAction","target":{"@type":"EntryPoint","urlTemplate":"https:\/\/newbritanniaschool.com\/?s={search_term_string}"},"query-input":"required name=search_term_string"}],"inLanguage":"es"},{"@type":"Organization","@id":"https:\/\/newbritanniaschool.com\/#organization","name":"New Britannia School of English","url":"https:\/\/newbritanniaschool.com\/","logo":{"@type":"ImageObject","inLanguage":"es","@id":"https:\/\/newbritanniaschool.com\/#\/schema\/logo\/image\/","url":"https:\/\/newbritanniaschool.com\/wp-content\/uploads\/2021\/11\/logo-02-e1637660865296.png","contentUrl":"https:\/\/newbritanniaschool.com\/wp-content\/uploads\/2021\/11\/logo-02-e1637660865296.png","width":1754,"height":469,"caption":"New Britannia School of English"},"image":{"@id":"https:\/\/newbritanniaschool.com\/#\/schema\/logo\/image\/"},"sameAs":["https:\/\/www.facebook.com\/newbritanniaschool\/"]}]}},"_links":{"self":[{"href":"https:\/\/newbritanniaschool.com\/es\/wp-json\/wp\/v2\/pages\/270"}],"collection":[{"href":"https:\/\/newbritanniaschool.com\/es\/wp-json\/wp\/v2\/pages"}],"about":[{"href":"https:\/\/newbritanniaschool.com\/es\/wp-json\/wp\/v2\/types\/page"}],"author":[{"embeddable":true,"href":"https:\/\/newbritanniaschool.com\/es\/wp-json\/wp\/v2\/users\/1"}],"replies":[{"embeddable":true,"href":"https:\/\/newbritanniaschool.com\/es\/wp-json\/wp\/v2\/comments?post=270"}],"version-history":[{"count":7,"href":"https:\/\/newbritanniaschool.com\/es\/wp-json\/wp\/v2\/pages\/270\/revisions"}],"predecessor-version":[{"id":1785,"href":"https:\/\/newbritanniaschool.com\/es\/wp-json\/wp\/v2\/pages\/270\/revisions\/1785"}],"wp:attachment":[{"href":"https:\/\/newbritanniaschool.com\/es\/wp-json\/wp\/v2\/media?parent=270"}],"curies":[{"name":"wp","href":"https:\/\/api.w.org\/{rel}","templated":true}]}}