{"id":1582,"date":"2024-02-01T13:50:27","date_gmt":"2024-02-01T12:50:27","guid":{"rendered":"https:\/\/newbritanniaschool.com\/?page_id=1582"},"modified":"2026-02-03T10:19:38","modified_gmt":"2026-02-03T09:19:38","slug":"toefl","status":"publish","type":"page","link":"https:\/\/newbritanniaschool.com\/es\/certificados-ingles-cambridge-trinity-oficiales\/toefl\/","title":{"rendered":"TOEFL"},"content":{"rendered":"<div class='flex_column_table av-ls37plt8-75dca0c69356152308fbae739a653149 sc-av_one_half av-equal-height-column-flextable'><div class='flex_column av-ls37plt8-75dca0c69356152308fbae739a653149 av_one_half  avia-builder-el-0  el_before_av_one_half  avia-builder-el-first  first flex_column_table_cell av-equal-height-column av-align-middle '     ><section  class='av_textblock_section av-729etq-9ac2fa64da28abe11ad0e4a96a9b1254'  itemscope=\"itemscope\" itemtype=\"https:\/\/schema.org\/CreativeWork\" ><div class='avia_textblock'  itemprop=\"text\" ><h3>\u00bfQu\u00e9 son los Ex\u00e1menes TOEFL y cu\u00e1l es su utilidad?<\/h3>\n<p>El<strong> Te<\/strong><strong>st of English as a Foreign Language (TOEFL)<\/strong> es una prueba estandarizada que mide la habilidad del ingl\u00e9s en hablantes no nativos que desean estudiar o trabajar en entornos donde el ingl\u00e9s es el idioma de comunicaci\u00f3n.<\/p>\n<p>Dise\u00f1ado y administrado por ETS (Educational Testing Service), el TOEFL es reconocido mundialmente por universidades, empresas, y agencias gubernamentales como una certificaci\u00f3n fiable de competencia en ingl\u00e9s.<\/p>\n<\/div><\/section><\/div>\n<div class='av-flex-placeholder'><\/div><div class='flex_column av-4xofa6-af3f2fabbe0654e7e9741613fa3e167c av_one_half  avia-builder-el-2  el_after_av_one_half  el_before_av_hr  flex_column_table_cell av-equal-height-column av-align-middle '     ><style type=\"text\/css\" data-created_by=\"avia_inline_auto\" id=\"style-css-av-ls35ufrr-7ee14ecd061a113bbd2ea0f0480bb4d8\">\n.avia-image-container.av-ls35ufrr-7ee14ecd061a113bbd2ea0f0480bb4d8 img.avia_image{\nbox-shadow:none;\n}\n.avia-image-container.av-ls35ufrr-7ee14ecd061a113bbd2ea0f0480bb4d8 .av-image-caption-overlay-center{\ncolor:#ffffff;\n}\n<\/style>\n<div  class='avia-image-container av-ls35ufrr-7ee14ecd061a113bbd2ea0f0480bb4d8 av-styling- avia-align-center  avia-builder-el-3  avia-builder-el-no-sibling '   itemprop=\"image\" itemscope=\"itemscope\" itemtype=\"https:\/\/schema.org\/ImageObject\" ><div class=\"avia-image-container-inner\"><div class=\"avia-image-overlay-wrap\"><img decoding=\"async\" class='wp-image-1798 avia-img-lazy-loading-not-1798 avia_image ' src=\"https:\/\/newbritanniaschool.com\/wp-content\/uploads\/2026\/02\/toefl_black.png\" alt='' title='toefl_black'  height=\"788\" width=\"940\"  itemprop=\"thumbnailUrl\" srcset=\"https:\/\/newbritanniaschool.com\/wp-content\/uploads\/2026\/02\/toefl_black.png 940w, https:\/\/newbritanniaschool.com\/wp-content\/uploads\/2026\/02\/toefl_black-300x251.png 300w, https:\/\/newbritanniaschool.com\/wp-content\/uploads\/2026\/02\/toefl_black-768x644.png 768w, https:\/\/newbritanniaschool.com\/wp-content\/uploads\/2026\/02\/toefl_black-705x591.png 705w\" sizes=\"(max-width: 940px) 100vw, 940px\" \/><\/div><\/div><\/div><\/div><\/div><!--close column table wrapper. Autoclose: 1 -->\n<style type=\"text\/css\" data-created_by=\"avia_inline_auto\" id=\"style-css-av-ls37l92k-b7aa70b651695cb54e7d506481f37815\">\n#top .hr.hr-invisible.av-ls37l92k-b7aa70b651695cb54e7d506481f37815{\nheight:40px;\n}\n<\/style>\n<div  class='hr av-ls37l92k-b7aa70b651695cb54e7d506481f37815 hr-invisible  avia-builder-el-4  el_after_av_one_half  el_before_av_one_full '><span class='hr-inner '><span class=\"hr-inner-style\"><\/span><\/span><\/div><\/p>\n<div class='flex_column av-2vdizi-048640781c86e4b4bb88e7b0a5072ef5 av_one_full  avia-builder-el-5  el_after_av_hr  el_before_av_one_half  first flex_column_div '     ><div  class='avia-button-wrap av-ls37i619-98c0815490a25a19cc5493dd08c984cc-wrap avia-button-center  avia-builder-el-6  avia-builder-el-no-sibling '>\n<style type=\"text\/css\" data-created_by=\"avia_inline_auto\" id=\"style-css-av-ls37i619-98c0815490a25a19cc5493dd08c984cc\">\n#top #wrap_all .avia-button.av-ls37i619-98c0815490a25a19cc5493dd08c984cc{\nbackground-color:#c43a40;\nborder-color:#c43a40;\ncolor:#ffffff;\n-webkit-transition:all 0.4s ease-in-out;\n-moz-transition:all 0.4s ease-in-out;\n-ms-transition:all 0.4s ease-in-out;\n-o-transition:all 0.4s ease-in-out;\ntransition:all 0.4s ease-in-out;\n}\n<\/style>\n<a href='https:\/\/newbritanniaschool.com\/es\/contacto-escuela-de-ingles-horta-barcelona\/'  class='avia-button av-ls37i619-98c0815490a25a19cc5493dd08c984cc avia-icon_select-yes-left-icon avia-size-medium avia-position-center'  ><span class='avia_button_icon avia_button_icon_left' aria-hidden='true' data-av_icon='\ue81f' data-av_iconfont='entypo-fontello'><\/span><span class='avia_iconbox_title' >P\u00eddenos informaci\u00f3n ahora<\/span><\/a><\/div><\/div>\n<div class='flex_column_table av-ls35unpk-dd6130004216487b8a590b82ff7fc085 sc-av_one_half av-equal-height-column-flextable'><div class='flex_column av-ls35unpk-dd6130004216487b8a590b82ff7fc085 av_one_half  avia-builder-el-7  el_after_av_one_full  el_before_av_one_half  first flex_column_table_cell av-equal-height-column av-align-top column-top-margin'     ><section  class='av_textblock_section av-ls37n8wd-57e296dc9024532abad37f4b119445c7'  itemscope=\"itemscope\" itemtype=\"https:\/\/schema.org\/CreativeWork\" ><div class='avia_textblock'  itemprop=\"text\" ><h3>Utilidad del TOEFL:<\/h3>\n<ul>\n<li><strong>Admisi\u00f3n Universitaria<\/strong>: Es ampliamente aceptado en m\u00e1s de 10,000 instituciones educativas en m\u00e1s de 150 pa\u00edses, incluyendo el Reino Unido, Estados Unidos, Canad\u00e1, Australia, y en toda Europa y Asia. Para los estudiantes internacionales, es un requisito indispensable para la admisi\u00f3n en muchas universidades de habla inglesa.<\/li>\n<li><strong>Oportunidades Laborales<\/strong>: Muchas organizaciones multinacionales y empresas requieren un puntaje TOEFL para verificar el nivel de ingl\u00e9s de los solicitantes, especialmente en trabajos que requieren comunicaci\u00f3n en ingl\u00e9s.<\/li>\n<li><strong>Visas y Migraci\u00f3n<\/strong>: Algunos procesos de visa y residencia en pa\u00edses de habla inglesa pueden requerir un puntaje TOEFL como prueba de competencia en ingl\u00e9s.<\/li>\n<li><strong>Evaluaci\u00f3n Acad\u00e9mica y Profesional<\/strong>: El TOEFL es utilizado por instituciones para preparar y evaluar la habilidad de su personal o estudiantes en el idioma ingl\u00e9s, asegurando que cumplen con los est\u00e1ndares necesarios para operar efectivamente en un entorno internacional.<\/li>\n<\/ul>\n<\/div><\/section><\/div>\n<div class='av-flex-placeholder'><\/div><div class='flex_column av-26be4u-54d919113ce39233326d02e9b3d604de av_one_half  avia-builder-el-9  el_after_av_one_half  el_before_av_section  avia-builder-el-last  flex_column_table_cell av-equal-height-column av-align-top column-top-margin'     ><section  class='av_textblock_section av-ls35twpz-f5237def6fb0723b29c5fed18c57d151'  itemscope=\"itemscope\" itemtype=\"https:\/\/schema.org\/CreativeWork\" ><div class='avia_textblock'  itemprop=\"text\" ><h3>Componentes del TOEFL:<\/h3>\n<p>El examen TOEFL eval\u00faa cuatro habilidades esenciales en el uso del ingl\u00e9s:<\/p>\n<ol>\n<li><strong>Lectura (Reading)<\/strong>: Eval\u00faa la capacidad para entender textos acad\u00e9micos en ingl\u00e9s.<\/li>\n<li><strong>Escucha (Listening)<\/strong>: Mide la habilidad para comprender el ingl\u00e9s hablado en el \u00e1mbito acad\u00e9mico y cotidiano.<\/li>\n<li><strong>Habla (Speaking)<\/strong>: Prueba la capacidad de expresarse de manera efectiva en un entorno de habla inglesa.<\/li>\n<li><strong>Escritura (Writing)<\/strong>: Eval\u00faa la habilidad para escribir en ingl\u00e9s en un contexto acad\u00e9mico.<\/li>\n<\/ol>\n<\/div><\/section><\/div><\/div><!--close column table wrapper. Autoclose: 1 -->\n<\/div><\/div><\/div><!-- close content main div --><\/div><\/div>\n<style type=\"text\/css\" data-created_by=\"avia_inline_auto\" id=\"style-css-av-ls37bafi-d5624e5aa18c219488283b2300817242\">\n.avia-section.av-ls37bafi-d5624e5aa18c219488283b2300817242{\nbackground-color:#c43a40;\nbackground-image:unset;\n}\n<\/style>\n<div id='av_section_1'  class='avia-section av-ls37bafi-d5624e5aa18c219488283b2300817242 alternate_color avia-section-default avia-no-border-styling  avia-builder-el-11  el_after_av_one_half  avia-builder-el-last  avia-bg-style-scroll container_wrap sidebar_right'  ><div class='container av-section-cont-open' ><div class='template-page content  av-content-small alpha units'><div class='post-entry post-entry-type-page post-entry-1582'><div class='entry-content-wrapper clearfix'>\n\n<style type=\"text\/css\" data-created_by=\"avia_inline_auto\" id=\"style-css-av-ls36f5aa-3f96262663a9827a68b65794093905b2\">\n#top .av_textblock_section.av-ls36f5aa-3f96262663a9827a68b65794093905b2 .avia_textblock{\ncolor:#ffffff;\n}\n<\/style>\n<section  class='av_textblock_section av-ls36f5aa-3f96262663a9827a68b65794093905b2'  itemscope=\"itemscope\" itemtype=\"https:\/\/schema.org\/CreativeWork\" ><div class='avia_textblock av_inherit_color'  itemprop=\"text\" ><h3>\u00bfPor qu\u00e9 prepararse para el TOEFL?<\/h3>\n<p>Una preparaci\u00f3n adecuada para el TOEFL no solo mejora las posibilidades de obtener un buen puntaje, sino que tambi\u00e9n equipa al estudiante con habilidades ling\u00fc\u00edsticas reales que ser\u00e1n \u00fatiles en un entorno acad\u00e9mico y profesional. Comprender las complejidades del idioma ingl\u00e9s y poder comunicarse efectivamente son habilidades esenciales en un mundo globalizado.<\/p>\n<p>El TOEFL es m\u00e1s que un simple examen; es una puerta de entrada a oportunidades educativas y profesionales en todo el mundo, asegurando que quienes lo superan est\u00e1n preparados para enfrentarse a desaf\u00edos en entornos de habla inglesa con confianza y competencia.<\/p>\n<p>En <strong>New Britannia School of English<\/strong>, nos enorgullecemos de contar con un equipo de profesores expertos, nativos y titulados, especialmente seleccionados por su amplia experiencia en la ense\u00f1anza del ingl\u00e9s y su profundo conocimiento del examen TOEFL.<\/p>\n<p>Nuestro profesorado no s\u00f3lo dominan el idioma a la perfecci\u00f3n, sin\u00f3 que tambi\u00e9n est\u00e1n capacitados para emplear metodolog\u00edas de ense\u00f1anza innovadoras y personalizadas que se adaptan a las necesidades individuales de cada estudiante. Enfocados al \u00e9xito de nuestro alumnado, nuestros profesorado ofrece una preparaci\u00f3n efectiva, asegurando que cada estudiante no s\u00f3lo alcance, sin\u00f3 que supere sus objetivos en el TOEFL.<\/p>\n<p>Al elegir New Britannia School of English para tu preparaci\u00f3n, te est\u00e1s asegurando una ventaja competitiva gracias a la gu\u00eda de instructores que entienden profundamente la importancia de este examen y c\u00f3mo abordarlo con \u00e9xito.<\/p>\n<\/div><\/section>\n<div  class='avia-button-wrap av-ls37d4oa-888f42eaaa920ff2b38874f4e439bacf-wrap avia-button-center  avia-builder-el-13  el_after_av_textblock  avia-builder-el-last '><a href='https:\/\/newbritanniaschool.com\/es\/grupos-horarios-estudiar-ingles-horta-barcelona\/'  class='avia-button av-ls37d4oa-888f42eaaa920ff2b38874f4e439bacf avia-icon_select-yes-left-icon avia-size-small avia-position-center avia-color-theme-color'  ><span class='avia_button_icon avia_button_icon_left' aria-hidden='true' data-av_icon='\ue81f' data-av_iconfont='entypo-fontello'><\/span><span class='avia_iconbox_title' >Consulta Grupos y Horarios<\/span><\/a><\/div>\n<\/div><\/div><\/div><!-- close content main div --><\/div><\/div><div id='after_section_1'  class='main_color av_default_container_wrap container_wrap sidebar_right'  ><div class='container av-section-cont-open' ><div class='template-page content  av-content-small alpha units'><div class='post-entry post-entry-type-page post-entry-1582'><div class='entry-content-wrapper clearfix'>\n","protected":false},"excerpt":{"rendered":"","protected":false},"author":1,"featured_media":1586,"parent":276,"menu_order":0,"comment_status":"closed","ping_status":"closed","template":"","meta":[],"yoast_head":"<!-- This site is optimized with the Yoast SEO plugin v20.5 - https:\/\/yoast.com\/wordpress\/plugins\/seo\/ -->\n<title>TOEFL - New Britannia<\/title>\n<meta name=\"description\" content=\"Supera el TOEFL con confianza en New Britannia. \u00danete a nuestros cursos de preparaci\u00f3n dirigidos por profesores nativos y titulados. \u00a1Logra tu mejor puntaje y abre puertas a nivel mundial!\" \/>\n<meta name=\"robots\" content=\"index, follow, max-snippet:-1, max-image-preview:large, max-video-preview:-1\" \/>\n<link rel=\"canonical\" href=\"https:\/\/newbritanniaschool.com\/es\/certificados-ingles-cambridge-trinity-oficiales\/toefl\/\" \/>\n<meta property=\"og:locale\" content=\"es_ES\" \/>\n<meta property=\"og:type\" content=\"article\" \/>\n<meta property=\"og:title\" content=\"TOEFL - New Britannia\" \/>\n<meta property=\"og:description\" content=\"Supera el TOEFL con confianza en New Britannia. \u00danete a nuestros cursos de preparaci\u00f3n dirigidos por profesores nativos y titulados. \u00a1Logra tu mejor puntaje y abre puertas a nivel mundial!\" \/>\n<meta property=\"og:url\" content=\"https:\/\/newbritanniaschool.com\/es\/certificados-ingles-cambridge-trinity-oficiales\/toefl\/\" \/>\n<meta property=\"og:site_name\" content=\"New Britannia\" \/>\n<meta property=\"article:publisher\" content=\"https:\/\/www.facebook.com\/newbritanniaschool\/\" \/>\n<meta property=\"article:modified_time\" content=\"2026-02-03T09:19:38+00:00\" \/>\n<meta property=\"og:image\" content=\"https:\/\/newbritanniaschool.com\/wp-content\/uploads\/2024\/02\/TOEFL_Logo.svg.png\" \/>\n\t<meta property=\"og:image:width\" content=\"2560\" \/>\n\t<meta property=\"og:image:height\" content=\"498\" \/>\n\t<meta property=\"og:image:type\" content=\"image\/png\" \/>\n<meta name=\"twitter:card\" content=\"summary_large_image\" \/>\n<meta name=\"twitter:label1\" content=\"Tiempo de lectura\" \/>\n\t<meta name=\"twitter:data1\" content=\"9 minutos\" \/>\n<script type=\"application\/ld+json\" class=\"yoast-schema-graph\">{\"@context\":\"https:\/\/schema.org\",\"@graph\":[{\"@type\":\"WebPage\",\"@id\":\"https:\/\/newbritanniaschool.com\/es\/certificados-ingles-cambridge-trinity-oficiales\/toefl\/\",\"url\":\"https:\/\/newbritanniaschool.com\/es\/certificados-ingles-cambridge-trinity-oficiales\/toefl\/\",\"name\":\"TOEFL - New Britannia\",\"isPartOf\":{\"@id\":\"https:\/\/newbritanniaschool.com\/#website\"},\"datePublished\":\"2024-02-01T12:50:27+00:00\",\"dateModified\":\"2026-02-03T09:19:38+00:00\",\"description\":\"Supera el TOEFL con confianza en New Britannia. \u00danete a nuestros cursos de preparaci\u00f3n dirigidos por profesores nativos y titulados. \u00a1Logra tu mejor puntaje y abre puertas a nivel mundial!\",\"breadcrumb\":{\"@id\":\"https:\/\/newbritanniaschool.com\/es\/certificados-ingles-cambridge-trinity-oficiales\/toefl\/#breadcrumb\"},\"inLanguage\":\"es\",\"potentialAction\":[{\"@type\":\"ReadAction\",\"target\":[\"https:\/\/newbritanniaschool.com\/es\/certificados-ingles-cambridge-trinity-oficiales\/toefl\/\"]}]},{\"@type\":\"BreadcrumbList\",\"@id\":\"https:\/\/newbritanniaschool.com\/es\/certificados-ingles-cambridge-trinity-oficiales\/toefl\/#breadcrumb\",\"itemListElement\":[{\"@type\":\"ListItem\",\"position\":1,\"name\":\"Inici\",\"item\":\"https:\/\/newbritanniaschool.com\/es\/new-britannia-school-of-english\/\"},{\"@type\":\"ListItem\",\"position\":2,\"name\":\"Certificados oficiales\",\"item\":\"https:\/\/newbritanniaschool.com\/es\/certificados-ingles-cambridge-trinity-oficiales\/\"},{\"@type\":\"ListItem\",\"position\":3,\"name\":\"TOEFL\"}]},{\"@type\":\"WebSite\",\"@id\":\"https:\/\/newbritanniaschool.com\/#website\",\"url\":\"https:\/\/newbritanniaschool.com\/\",\"name\":\"New Britannia\",\"description\":\"School of English\",\"publisher\":{\"@id\":\"https:\/\/newbritanniaschool.com\/#organization\"},\"potentialAction\":[{\"@type\":\"SearchAction\",\"target\":{\"@type\":\"EntryPoint\",\"urlTemplate\":\"https:\/\/newbritanniaschool.com\/?s={search_term_string}\"},\"query-input\":\"required name=search_term_string\"}],\"inLanguage\":\"es\"},{\"@type\":\"Organization\",\"@id\":\"https:\/\/newbritanniaschool.com\/#organization\",\"name\":\"New Britannia School of English\",\"url\":\"https:\/\/newbritanniaschool.com\/\",\"logo\":{\"@type\":\"ImageObject\",\"inLanguage\":\"es\",\"@id\":\"https:\/\/newbritanniaschool.com\/#\/schema\/logo\/image\/\",\"url\":\"https:\/\/newbritanniaschool.com\/wp-content\/uploads\/2021\/11\/logo-02-e1637660865296.png\",\"contentUrl\":\"https:\/\/newbritanniaschool.com\/wp-content\/uploads\/2021\/11\/logo-02-e1637660865296.png\",\"width\":1754,\"height\":469,\"caption\":\"New Britannia School of English\"},\"image\":{\"@id\":\"https:\/\/newbritanniaschool.com\/#\/schema\/logo\/image\/\"},\"sameAs\":[\"https:\/\/www.facebook.com\/newbritanniaschool\/\"]}]}<\/script>\n<!-- \/ Yoast SEO plugin. -->","yoast_head_json":{"title":"TOEFL - New Britannia","description":"Supera el TOEFL con confianza en New Britannia. \u00danete a nuestros cursos de preparaci\u00f3n dirigidos por profesores nativos y titulados. \u00a1Logra tu mejor puntaje y abre puertas a nivel mundial!","robots":{"index":"index","follow":"follow","max-snippet":"max-snippet:-1","max-image-preview":"max-image-preview:large","max-video-preview":"max-video-preview:-1"},"canonical":"https:\/\/newbritanniaschool.com\/es\/certificados-ingles-cambridge-trinity-oficiales\/toefl\/","og_locale":"es_ES","og_type":"article","og_title":"TOEFL - New Britannia","og_description":"Supera el TOEFL con confianza en New Britannia. \u00danete a nuestros cursos de preparaci\u00f3n dirigidos por profesores nativos y titulados. \u00a1Logra tu mejor puntaje y abre puertas a nivel mundial!","og_url":"https:\/\/newbritanniaschool.com\/es\/certificados-ingles-cambridge-trinity-oficiales\/toefl\/","og_site_name":"New Britannia","article_publisher":"https:\/\/www.facebook.com\/newbritanniaschool\/","article_modified_time":"2026-02-03T09:19:38+00:00","og_image":[{"width":2560,"height":498,"url":"https:\/\/newbritanniaschool.com\/wp-content\/uploads\/2024\/02\/TOEFL_Logo.svg.png","type":"image\/png"}],"twitter_card":"summary_large_image","twitter_misc":{"Tiempo de lectura":"9 minutos"},"schema":{"@context":"https:\/\/schema.org","@graph":[{"@type":"WebPage","@id":"https:\/\/newbritanniaschool.com\/es\/certificados-ingles-cambridge-trinity-oficiales\/toefl\/","url":"https:\/\/newbritanniaschool.com\/es\/certificados-ingles-cambridge-trinity-oficiales\/toefl\/","name":"TOEFL - New Britannia","isPartOf":{"@id":"https:\/\/newbritanniaschool.com\/#website"},"datePublished":"2024-02-01T12:50:27+00:00","dateModified":"2026-02-03T09:19:38+00:00","description":"Supera el TOEFL con confianza en New Britannia. \u00danete a nuestros cursos de preparaci\u00f3n dirigidos por profesores nativos y titulados. \u00a1Logra tu mejor puntaje y abre puertas a nivel mundial!","breadcrumb":{"@id":"https:\/\/newbritanniaschool.com\/es\/certificados-ingles-cambridge-trinity-oficiales\/toefl\/#breadcrumb"},"inLanguage":"es","potentialAction":[{"@type":"ReadAction","target":["https:\/\/newbritanniaschool.com\/es\/certificados-ingles-cambridge-trinity-oficiales\/toefl\/"]}]},{"@type":"BreadcrumbList","@id":"https:\/\/newbritanniaschool.com\/es\/certificados-ingles-cambridge-trinity-oficiales\/toefl\/#breadcrumb","itemListElement":[{"@type":"ListItem","position":1,"name":"Inici","item":"https:\/\/newbritanniaschool.com\/es\/new-britannia-school-of-english\/"},{"@type":"ListItem","position":2,"name":"Certificados oficiales","item":"https:\/\/newbritanniaschool.com\/es\/certificados-ingles-cambridge-trinity-oficiales\/"},{"@type":"ListItem","position":3,"name":"TOEFL"}]},{"@type":"WebSite","@id":"https:\/\/newbritanniaschool.com\/#website","url":"https:\/\/newbritanniaschool.com\/","name":"New Britannia","description":"School of English","publisher":{"@id":"https:\/\/newbritanniaschool.com\/#organization"},"potentialAction":[{"@type":"SearchAction","target":{"@type":"EntryPoint","urlTemplate":"https:\/\/newbritanniaschool.com\/?s={search_term_string}"},"query-input":"required name=search_term_string"}],"inLanguage":"es"},{"@type":"Organization","@id":"https:\/\/newbritanniaschool.com\/#organization","name":"New Britannia School of English","url":"https:\/\/newbritanniaschool.com\/","logo":{"@type":"ImageObject","inLanguage":"es","@id":"https:\/\/newbritanniaschool.com\/#\/schema\/logo\/image\/","url":"https:\/\/newbritanniaschool.com\/wp-content\/uploads\/2021\/11\/logo-02-e1637660865296.png","contentUrl":"https:\/\/newbritanniaschool.com\/wp-content\/uploads\/2021\/11\/logo-02-e1637660865296.png","width":1754,"height":469,"caption":"New Britannia School of English"},"image":{"@id":"https:\/\/newbritanniaschool.com\/#\/schema\/logo\/image\/"},"sameAs":["https:\/\/www.facebook.com\/newbritanniaschool\/"]}]}},"_links":{"self":[{"href":"https:\/\/newbritanniaschool.com\/es\/wp-json\/wp\/v2\/pages\/1582"}],"collection":[{"href":"https:\/\/newbritanniaschool.com\/es\/wp-json\/wp\/v2\/pages"}],"about":[{"href":"https:\/\/newbritanniaschool.com\/es\/wp-json\/wp\/v2\/types\/page"}],"author":[{"embeddable":true,"href":"https:\/\/newbritanniaschool.com\/es\/wp-json\/wp\/v2\/users\/1"}],"replies":[{"embeddable":true,"href":"https:\/\/newbritanniaschool.com\/es\/wp-json\/wp\/v2\/comments?post=1582"}],"version-history":[{"count":25,"href":"https:\/\/newbritanniaschool.com\/es\/wp-json\/wp\/v2\/pages\/1582\/revisions"}],"predecessor-version":[{"id":1811,"href":"https:\/\/newbritanniaschool.com\/es\/wp-json\/wp\/v2\/pages\/1582\/revisions\/1811"}],"up":[{"embeddable":true,"href":"https:\/\/newbritanniaschool.com\/es\/wp-json\/wp\/v2\/pages\/276"}],"wp:featuredmedia":[{"embeddable":true,"href":"https:\/\/newbritanniaschool.com\/es\/wp-json\/wp\/v2\/media\/1586"}],"wp:attachment":[{"href":"https:\/\/newbritanniaschool.com\/es\/wp-json\/wp\/v2\/media?parent=1582"}],"curies":[{"name":"wp","href":"https:\/\/api.w.org\/{rel}","templated":true}]}}